{"id":27086,"date":"2021-06-11T14:00:02","date_gmt":"2021-06-11T12:00:02","guid":{"rendered":""},"modified":"2024-12-04T11:03:03","modified_gmt":"2024-12-04T10:03:03","slug":"piuma-ischia-extra","status":"publish","type":"product","link":"https:\/\/www.cimmino.com\/it\/prodotto\/piuma-ischia-extra\/","title":{"rendered":"Piuma Ischia Extra"},"content":{"rendered":"","protected":false},"excerpt":{"rendered":"<p><img decoding=\"async\" class=\"emoji\" role=\"img\" draggable=\"false\" src=\"https:\/\/s.w.org\/images\/core\/emoji\/15.0.3\/svg\/2728.svg\" alt=\"\u2728\" \/> <strong>solo i colori 164 \u2013 257 sono in promozione!<\/strong>\u00a0<img decoding=\"async\" class=\"emoji\" role=\"img\" draggable=\"false\" src=\"https:\/\/s.w.org\/images\/core\/emoji\/15.0.3\/svg\/2728.svg\" alt=\"\u2728\" \/><\/p>\n<p>Fodera taffet\u00e0 leggera dalla finitura lucida, leggermente trasparente, usata all&#8217;interno dei capi di abbigliamento, nasconde i particolari della confezionem rendendo pi\u00f9 elegante la finitura. Grazie alla sua propriet\u00e0 antistatica permette di indossare e sfilare i capi di abbigliamento con maggiore facilit\u00e0.<\/p>\n","protected":false},"featured_media":53886,"template":"","meta":[],"product_cat":[175,154,167],"product_tag":[],"class_list":["post-27086","product","type-product","status-publish","has-post-thumbnail","hentry","product_cat-fodere","product_cat-linea-foderami","product_cat-outlet"],"yoast_head":"<!-- This site is optimized with the Yoast SEO plugin v21.9.1 - https:\/\/yoast.com\/wordpress\/plugins\/seo\/ -->\n<title>Piuma Ischia Extra - Cimmino<\/title>\n<meta name=\"robots\" content=\"index, follow, max-snippet:-1, max-image-preview:large, max-video-preview:-1\" \/>\n<link rel=\"canonical\" href=\"https:\/\/www.cimmino.com\/it\/prodotto\/piuma-ischia-extra\/\" \/>\n<meta property=\"og:locale\" content=\"it_IT\" \/>\n<meta property=\"og:type\" content=\"article\" \/>\n<meta property=\"og:title\" content=\"Piuma Ischia Extra - Cimmino\" \/>\n<meta property=\"og:description\" content=\"solo i colori 164 \u2013 257 sono in promozione!\u00a0  Fodera taffet\u00e0 leggera dalla finitura lucida, leggermente trasparente, usata all&#039;interno dei capi di abbigliamento, nasconde i particolari della confezionem rendendo pi\u00f9 elegante la finitura. Grazie alla sua propriet\u00e0 antistatica permette di indossare e sfilare i capi di abbigliamento con maggiore facilit\u00e0.\" \/>\n<meta property=\"og:url\" content=\"https:\/\/www.cimmino.com\/it\/prodotto\/piuma-ischia-extra\/\" \/>\n<meta property=\"og:site_name\" content=\"Cimmino\" \/>\n<meta property=\"article:modified_time\" content=\"2024-12-04T10:03:03+00:00\" \/>\n<meta property=\"og:image\" content=\"https:\/\/www.cimmino.com\/wp-content\/uploads\/2021\/06\/Piuma-Ischia.jpg\" \/>\n\t<meta property=\"og:image:width\" content=\"1000\" \/>\n\t<meta property=\"og:image:height\" content=\"667\" \/>\n\t<meta property=\"og:image:type\" content=\"image\/jpeg\" \/>\n<meta name=\"twitter:card\" content=\"summary_large_image\" \/>\n<script type=\"application\/ld+json\" class=\"yoast-schema-graph\">{\"@context\":\"https:\/\/schema.org\",\"@graph\":[{\"@type\":\"WebPage\",\"@id\":\"https:\/\/www.cimmino.com\/it\/prodotto\/piuma-ischia-extra\/\",\"url\":\"https:\/\/www.cimmino.com\/it\/prodotto\/piuma-ischia-extra\/\",\"name\":\"Piuma Ischia Extra - Cimmino\",\"isPartOf\":{\"@id\":\"https:\/\/www.cimmino.com\/en\/#website\"},\"datePublished\":\"2021-06-11T12:00:02+00:00\",\"dateModified\":\"2024-12-04T10:03:03+00:00\",\"breadcrumb\":{\"@id\":\"https:\/\/www.cimmino.com\/it\/prodotto\/piuma-ischia-extra\/#breadcrumb\"},\"inLanguage\":\"it-IT\",\"potentialAction\":[{\"@type\":\"ReadAction\",\"target\":[\"https:\/\/www.cimmino.com\/it\/prodotto\/piuma-ischia-extra\/\"]}]},{\"@type\":\"BreadcrumbList\",\"@id\":\"https:\/\/www.cimmino.com\/it\/prodotto\/piuma-ischia-extra\/#breadcrumb\",\"itemListElement\":[{\"@type\":\"ListItem\",\"position\":1,\"name\":\"Home\",\"item\":\"https:\/\/www.cimmino.com\/it\/\"},{\"@type\":\"ListItem\",\"position\":2,\"name\":\"Tessuti\",\"item\":\"https:\/\/www.cimmino.com\/it\/tessuti\/\"},{\"@type\":\"ListItem\",\"position\":3,\"name\":\"Piuma Ischia Extra\"}]},{\"@type\":\"WebSite\",\"@id\":\"https:\/\/www.cimmino.com\/en\/#website\",\"url\":\"https:\/\/www.cimmino.com\/en\/\",\"name\":\"Cimmino\",\"description\":\"Your partner in style since 1750\",\"potentialAction\":[{\"@type\":\"SearchAction\",\"target\":{\"@type\":\"EntryPoint\",\"urlTemplate\":\"https:\/\/www.cimmino.com\/en\/?s={search_term_string}\"},\"query-input\":\"required name=search_term_string\"}],\"inLanguage\":\"it-IT\"}]}<\/script>\n<!-- \/ Yoast SEO plugin. -->","yoast_head_json":{"title":"Piuma Ischia Extra - Cimmino","robots":{"index":"index","follow":"follow","max-snippet":"max-snippet:-1","max-image-preview":"max-image-preview:large","max-video-preview":"max-video-preview:-1"},"canonical":"https:\/\/www.cimmino.com\/it\/prodotto\/piuma-ischia-extra\/","og_locale":"it_IT","og_type":"article","og_title":"Piuma Ischia Extra - Cimmino","og_description":"solo i colori 164 \u2013 257 sono in promozione!\u00a0  Fodera taffet\u00e0 leggera dalla finitura lucida, leggermente trasparente, usata all'interno dei capi di abbigliamento, nasconde i particolari della confezionem rendendo pi\u00f9 elegante la finitura. Grazie alla sua propriet\u00e0 antistatica permette di indossare e sfilare i capi di abbigliamento con maggiore facilit\u00e0.","og_url":"https:\/\/www.cimmino.com\/it\/prodotto\/piuma-ischia-extra\/","og_site_name":"Cimmino","article_modified_time":"2024-12-04T10:03:03+00:00","og_image":[{"width":1000,"height":667,"url":"https:\/\/www.cimmino.com\/wp-content\/uploads\/2021\/06\/Piuma-Ischia.jpg","type":"image\/jpeg"}],"twitter_card":"summary_large_image","schema":{"@context":"https:\/\/schema.org","@graph":[{"@type":"WebPage","@id":"https:\/\/www.cimmino.com\/it\/prodotto\/piuma-ischia-extra\/","url":"https:\/\/www.cimmino.com\/it\/prodotto\/piuma-ischia-extra\/","name":"Piuma Ischia Extra - Cimmino","isPartOf":{"@id":"https:\/\/www.cimmino.com\/en\/#website"},"datePublished":"2021-06-11T12:00:02+00:00","dateModified":"2024-12-04T10:03:03+00:00","breadcrumb":{"@id":"https:\/\/www.cimmino.com\/it\/prodotto\/piuma-ischia-extra\/#breadcrumb"},"inLanguage":"it-IT","potentialAction":[{"@type":"ReadAction","target":["https:\/\/www.cimmino.com\/it\/prodotto\/piuma-ischia-extra\/"]}]},{"@type":"BreadcrumbList","@id":"https:\/\/www.cimmino.com\/it\/prodotto\/piuma-ischia-extra\/#breadcrumb","itemListElement":[{"@type":"ListItem","position":1,"name":"Home","item":"https:\/\/www.cimmino.com\/it\/"},{"@type":"ListItem","position":2,"name":"Tessuti","item":"https:\/\/www.cimmino.com\/it\/tessuti\/"},{"@type":"ListItem","position":3,"name":"Piuma Ischia Extra"}]},{"@type":"WebSite","@id":"https:\/\/www.cimmino.com\/en\/#website","url":"https:\/\/www.cimmino.com\/en\/","name":"Cimmino","description":"Your partner in style since 1750","potentialAction":[{"@type":"SearchAction","target":{"@type":"EntryPoint","urlTemplate":"https:\/\/www.cimmino.com\/en\/?s={search_term_string}"},"query-input":"required name=search_term_string"}],"inLanguage":"it-IT"}]}},"_links":{"self":[{"href":"https:\/\/www.cimmino.com\/it\/wp-json\/wp\/v2\/product\/27086","targetHints":{"allow":["GET"]}}],"collection":[{"href":"https:\/\/www.cimmino.com\/it\/wp-json\/wp\/v2\/product"}],"about":[{"href":"https:\/\/www.cimmino.com\/it\/wp-json\/wp\/v2\/types\/product"}],"wp:featuredmedia":[{"embeddable":true,"href":"https:\/\/www.cimmino.com\/it\/wp-json\/wp\/v2\/media\/53886"}],"wp:attachment":[{"href":"https:\/\/www.cimmino.com\/it\/wp-json\/wp\/v2\/media?parent=27086"}],"wp:term":[{"taxonomy":"product_cat","embeddable":true,"href":"https:\/\/www.cimmino.com\/it\/wp-json\/wp\/v2\/product_cat?post=27086"},{"taxonomy":"product_tag","embeddable":true,"href":"https:\/\/www.cimmino.com\/it\/wp-json\/wp\/v2\/product_tag?post=27086"}],"curies":[{"name":"wp","href":"https:\/\/api.w.org\/{rel}","templated":true}]}}