{"id":29226,"date":"2021-06-11T14:04:18","date_gmt":"2021-06-11T12:04:18","guid":{"rendered":""},"modified":"2024-09-16T09:55:49","modified_gmt":"2024-09-16T07:55:49","slug":"superpiuma-98","status":"publish","type":"product","link":"https:\/\/www.cimmino.com\/it\/prodotto\/superpiuma-98\/","title":{"rendered":"Superpiuma &#8217;98"},"content":{"rendered":"","protected":false},"excerpt":{"rendered":"<p>&nbsp;<\/p>\n<p><img decoding=\"async\" class=\"alignnone wp-image-48302\" src=\"https:\/\/www.cimmino.com\/wp-content\/uploads\/2021\/06\/OEKO-TEX-TEXTILES.jpg\" alt=\"\" width=\"109\" height=\"72\" srcset=\"https:\/\/www.cimmino.com\/wp-content\/uploads\/2021\/06\/OEKO-TEX-TEXTILES.jpg 300w, https:\/\/www.cimmino.com\/wp-content\/uploads\/2021\/06\/OEKO-TEX-TEXTILES-150x100.jpg 150w\" sizes=\"(max-width: 109px) 100vw, 109px\" \/><\/p>\n<h4>STANDARD 100 by OEKO-TEX\u00ae<\/h4>\n<p>Fodera taffet\u00e0 leggera dalla finitura lucida, leggermente trasparente.<\/p>\n<p>Viene usata all&#8217;interno dei capi di abbigliamento, nascondendo i particolari della confezione, rendendo pi\u00f9 elegante la finitura.<\/p>\n<p>Grazie alla sua propriet\u00e0 antistatica permette di indossare e sfilare i capi di abbigliamento con maggiore facilit\u00e0.<\/p>\n","protected":false},"featured_media":44109,"template":"","meta":[],"product_cat":[175,154],"product_tag":[],"class_list":["post-29226","product","type-product","status-publish","has-post-thumbnail","hentry","product_cat-fodere","product_cat-linea-foderami"],"yoast_head":"<!-- This site is optimized with the Yoast SEO plugin v21.9.1 - https:\/\/yoast.com\/wordpress\/plugins\/seo\/ -->\n<title>Superpiuma &#039;98 - Cimmino<\/title>\n<meta name=\"robots\" content=\"index, follow, max-snippet:-1, max-image-preview:large, max-video-preview:-1\" \/>\n<link rel=\"canonical\" href=\"https:\/\/www.cimmino.com\/it\/prodotto\/superpiuma-98\/\" \/>\n<meta property=\"og:locale\" content=\"it_IT\" \/>\n<meta property=\"og:type\" content=\"article\" \/>\n<meta property=\"og:title\" content=\"Superpiuma &#039;98 - Cimmino\" \/>\n<meta property=\"og:description\" content=\"&nbsp;   STANDARD 100 by OEKO-TEX\u00ae Fodera taffet\u00e0 leggera dalla finitura lucida, leggermente trasparente.  Viene usata all&#039;interno dei capi di abbigliamento, nascondendo i particolari della confezione, rendendo pi\u00f9 elegante la finitura.  Grazie alla sua propriet\u00e0 antistatica permette di indossare e sfilare i capi di abbigliamento con maggiore facilit\u00e0.\" \/>\n<meta property=\"og:url\" content=\"https:\/\/www.cimmino.com\/it\/prodotto\/superpiuma-98\/\" \/>\n<meta property=\"og:site_name\" content=\"Cimmino\" \/>\n<meta property=\"article:modified_time\" content=\"2024-09-16T07:55:49+00:00\" \/>\n<meta property=\"og:image\" content=\"https:\/\/www.cimmino.com\/wp-content\/uploads\/2021\/07\/ADV-SuperPiuma.jpg\" \/>\n\t<meta property=\"og:image:width\" content=\"1000\" \/>\n\t<meta property=\"og:image:height\" content=\"667\" \/>\n\t<meta property=\"og:image:type\" content=\"image\/jpeg\" \/>\n<meta name=\"twitter:card\" content=\"summary_large_image\" \/>\n<script type=\"application\/ld+json\" class=\"yoast-schema-graph\">{\"@context\":\"https:\/\/schema.org\",\"@graph\":[{\"@type\":\"WebPage\",\"@id\":\"https:\/\/www.cimmino.com\/it\/prodotto\/superpiuma-98\/\",\"url\":\"https:\/\/www.cimmino.com\/it\/prodotto\/superpiuma-98\/\",\"name\":\"Superpiuma '98 - Cimmino\",\"isPartOf\":{\"@id\":\"https:\/\/www.cimmino.com\/en\/#website\"},\"datePublished\":\"2021-06-11T12:04:18+00:00\",\"dateModified\":\"2024-09-16T07:55:49+00:00\",\"breadcrumb\":{\"@id\":\"https:\/\/www.cimmino.com\/it\/prodotto\/superpiuma-98\/#breadcrumb\"},\"inLanguage\":\"it-IT\",\"potentialAction\":[{\"@type\":\"ReadAction\",\"target\":[\"https:\/\/www.cimmino.com\/it\/prodotto\/superpiuma-98\/\"]}]},{\"@type\":\"BreadcrumbList\",\"@id\":\"https:\/\/www.cimmino.com\/it\/prodotto\/superpiuma-98\/#breadcrumb\",\"itemListElement\":[{\"@type\":\"ListItem\",\"position\":1,\"name\":\"Home\",\"item\":\"https:\/\/www.cimmino.com\/it\/\"},{\"@type\":\"ListItem\",\"position\":2,\"name\":\"Tessuti\",\"item\":\"https:\/\/www.cimmino.com\/it\/tessuti\/\"},{\"@type\":\"ListItem\",\"position\":3,\"name\":\"Superpiuma &#8217;98\"}]},{\"@type\":\"WebSite\",\"@id\":\"https:\/\/www.cimmino.com\/en\/#website\",\"url\":\"https:\/\/www.cimmino.com\/en\/\",\"name\":\"Cimmino\",\"description\":\"Your partner in style since 1750\",\"potentialAction\":[{\"@type\":\"SearchAction\",\"target\":{\"@type\":\"EntryPoint\",\"urlTemplate\":\"https:\/\/www.cimmino.com\/en\/?s={search_term_string}\"},\"query-input\":\"required name=search_term_string\"}],\"inLanguage\":\"it-IT\"}]}<\/script>\n<!-- \/ Yoast SEO plugin. -->","yoast_head_json":{"title":"Superpiuma '98 - Cimmino","robots":{"index":"index","follow":"follow","max-snippet":"max-snippet:-1","max-image-preview":"max-image-preview:large","max-video-preview":"max-video-preview:-1"},"canonical":"https:\/\/www.cimmino.com\/it\/prodotto\/superpiuma-98\/","og_locale":"it_IT","og_type":"article","og_title":"Superpiuma '98 - Cimmino","og_description":"&nbsp;   STANDARD 100 by OEKO-TEX\u00ae Fodera taffet\u00e0 leggera dalla finitura lucida, leggermente trasparente.  Viene usata all'interno dei capi di abbigliamento, nascondendo i particolari della confezione, rendendo pi\u00f9 elegante la finitura.  Grazie alla sua propriet\u00e0 antistatica permette di indossare e sfilare i capi di abbigliamento con maggiore facilit\u00e0.","og_url":"https:\/\/www.cimmino.com\/it\/prodotto\/superpiuma-98\/","og_site_name":"Cimmino","article_modified_time":"2024-09-16T07:55:49+00:00","og_image":[{"width":1000,"height":667,"url":"https:\/\/www.cimmino.com\/wp-content\/uploads\/2021\/07\/ADV-SuperPiuma.jpg","type":"image\/jpeg"}],"twitter_card":"summary_large_image","schema":{"@context":"https:\/\/schema.org","@graph":[{"@type":"WebPage","@id":"https:\/\/www.cimmino.com\/it\/prodotto\/superpiuma-98\/","url":"https:\/\/www.cimmino.com\/it\/prodotto\/superpiuma-98\/","name":"Superpiuma '98 - Cimmino","isPartOf":{"@id":"https:\/\/www.cimmino.com\/en\/#website"},"datePublished":"2021-06-11T12:04:18+00:00","dateModified":"2024-09-16T07:55:49+00:00","breadcrumb":{"@id":"https:\/\/www.cimmino.com\/it\/prodotto\/superpiuma-98\/#breadcrumb"},"inLanguage":"it-IT","potentialAction":[{"@type":"ReadAction","target":["https:\/\/www.cimmino.com\/it\/prodotto\/superpiuma-98\/"]}]},{"@type":"BreadcrumbList","@id":"https:\/\/www.cimmino.com\/it\/prodotto\/superpiuma-98\/#breadcrumb","itemListElement":[{"@type":"ListItem","position":1,"name":"Home","item":"https:\/\/www.cimmino.com\/it\/"},{"@type":"ListItem","position":2,"name":"Tessuti","item":"https:\/\/www.cimmino.com\/it\/tessuti\/"},{"@type":"ListItem","position":3,"name":"Superpiuma &#8217;98"}]},{"@type":"WebSite","@id":"https:\/\/www.cimmino.com\/en\/#website","url":"https:\/\/www.cimmino.com\/en\/","name":"Cimmino","description":"Your partner in style since 1750","potentialAction":[{"@type":"SearchAction","target":{"@type":"EntryPoint","urlTemplate":"https:\/\/www.cimmino.com\/en\/?s={search_term_string}"},"query-input":"required name=search_term_string"}],"inLanguage":"it-IT"}]}},"_links":{"self":[{"href":"https:\/\/www.cimmino.com\/it\/wp-json\/wp\/v2\/product\/29226","targetHints":{"allow":["GET"]}}],"collection":[{"href":"https:\/\/www.cimmino.com\/it\/wp-json\/wp\/v2\/product"}],"about":[{"href":"https:\/\/www.cimmino.com\/it\/wp-json\/wp\/v2\/types\/product"}],"wp:featuredmedia":[{"embeddable":true,"href":"https:\/\/www.cimmino.com\/it\/wp-json\/wp\/v2\/media\/44109"}],"wp:attachment":[{"href":"https:\/\/www.cimmino.com\/it\/wp-json\/wp\/v2\/media?parent=29226"}],"wp:term":[{"taxonomy":"product_cat","embeddable":true,"href":"https:\/\/www.cimmino.com\/it\/wp-json\/wp\/v2\/product_cat?post=29226"},{"taxonomy":"product_tag","embeddable":true,"href":"https:\/\/www.cimmino.com\/it\/wp-json\/wp\/v2\/product_tag?post=29226"}],"curies":[{"name":"wp","href":"https:\/\/api.w.org\/{rel}","templated":true}]}}