{"id":52859,"date":"2022-05-26T11:15:39","date_gmt":"2022-05-26T09:15:39","guid":{"rendered":"https:\/\/www.cimmino.com\/?post_type=product&#038;p=52859"},"modified":"2024-04-17T10:39:06","modified_gmt":"2024-04-17T08:39:06","slug":"maglina-elastica-aurora","status":"publish","type":"product","link":"https:\/\/www.cimmino.com\/it\/prodotto\/maglina-elastica-aurora\/","title":{"rendered":"Maglina Elastica Aurora"},"content":{"rendered":"","protected":false},"excerpt":{"rendered":"<p>Tessuto a maglia realizzato con filato laminati, risulta essere pi\u00f9 pesante del ns. Art. Maglia Metallic e si presta per gli stessi utilizzi. Il prodotto \u00e8 stato sviluppato in n. 10 colori accattivanti, basici e di tendenza. Pu\u00f2 essere adoperato prevalentemente per uso abbigliamento grazie all&#8217; accoppiatura con relativa maglina morbida sul rovescio del tessuto, si presta benissimo anche per la realizzazione di costumi mare, abiti streetwear, casual e sportivi.<\/p>\n","protected":false},"featured_media":53029,"template":"","meta":[],"product_cat":[156,177,179],"product_tag":[],"class_list":["post-52859","product","type-product","status-publish","has-post-thumbnail","hentry","product_cat-abbigliamento","product_cat-danza-spettacolo","product_cat-intimo-moda-mare"],"yoast_head":"<!-- This site is optimized with the Yoast SEO plugin v21.9.1 - https:\/\/yoast.com\/wordpress\/plugins\/seo\/ -->\n<title>Maglina Elastica Aurora - Cimmino<\/title>\n<meta name=\"robots\" content=\"index, follow, max-snippet:-1, max-image-preview:large, max-video-preview:-1\" \/>\n<link rel=\"canonical\" href=\"https:\/\/www.cimmino.com\/it\/prodotto\/maglina-elastica-aurora\/\" \/>\n<meta property=\"og:locale\" content=\"it_IT\" \/>\n<meta property=\"og:type\" content=\"article\" \/>\n<meta property=\"og:title\" content=\"Maglina Elastica Aurora - Cimmino\" \/>\n<meta property=\"og:description\" content=\"Tessuto a maglia realizzato con filato laminati, risulta essere pi\u00f9 pesante del ns. Art. Maglia Metallic e si presta per gli stessi utilizzi. Il prodotto \u00e8 stato sviluppato in n. 10 colori accattivanti, basici e di tendenza. Pu\u00f2 essere adoperato prevalentemente per uso abbigliamento grazie all&#039; accoppiatura con relativa maglina morbida sul rovescio del tessuto, si presta benissimo anche per la realizzazione di costumi mare, abiti streetwear, casual e sportivi.\" \/>\n<meta property=\"og:url\" content=\"https:\/\/www.cimmino.com\/it\/prodotto\/maglina-elastica-aurora\/\" \/>\n<meta property=\"og:site_name\" content=\"Cimmino\" \/>\n<meta property=\"article:modified_time\" content=\"2024-04-17T08:39:06+00:00\" \/>\n<meta property=\"og:image\" content=\"https:\/\/www.cimmino.com\/wp-content\/uploads\/2022\/05\/MAGLINA-ELASTICA-AURORA.jpg\" \/>\n\t<meta property=\"og:image:width\" content=\"1000\" \/>\n\t<meta property=\"og:image:height\" content=\"667\" \/>\n\t<meta property=\"og:image:type\" content=\"image\/jpeg\" \/>\n<meta name=\"twitter:card\" content=\"summary_large_image\" \/>\n<script type=\"application\/ld+json\" class=\"yoast-schema-graph\">{\"@context\":\"https:\/\/schema.org\",\"@graph\":[{\"@type\":\"WebPage\",\"@id\":\"https:\/\/www.cimmino.com\/it\/prodotto\/maglina-elastica-aurora\/\",\"url\":\"https:\/\/www.cimmino.com\/it\/prodotto\/maglina-elastica-aurora\/\",\"name\":\"Maglina Elastica Aurora - Cimmino\",\"isPartOf\":{\"@id\":\"https:\/\/www.cimmino.com\/en\/#website\"},\"datePublished\":\"2022-05-26T09:15:39+00:00\",\"dateModified\":\"2024-04-17T08:39:06+00:00\",\"breadcrumb\":{\"@id\":\"https:\/\/www.cimmino.com\/it\/prodotto\/maglina-elastica-aurora\/#breadcrumb\"},\"inLanguage\":\"it-IT\",\"potentialAction\":[{\"@type\":\"ReadAction\",\"target\":[\"https:\/\/www.cimmino.com\/it\/prodotto\/maglina-elastica-aurora\/\"]}]},{\"@type\":\"BreadcrumbList\",\"@id\":\"https:\/\/www.cimmino.com\/it\/prodotto\/maglina-elastica-aurora\/#breadcrumb\",\"itemListElement\":[{\"@type\":\"ListItem\",\"position\":1,\"name\":\"Home\",\"item\":\"https:\/\/www.cimmino.com\/it\/\"},{\"@type\":\"ListItem\",\"position\":2,\"name\":\"Tessuti\",\"item\":\"https:\/\/www.cimmino.com\/it\/tessuti\/\"},{\"@type\":\"ListItem\",\"position\":3,\"name\":\"Maglina Elastica Aurora\"}]},{\"@type\":\"WebSite\",\"@id\":\"https:\/\/www.cimmino.com\/en\/#website\",\"url\":\"https:\/\/www.cimmino.com\/en\/\",\"name\":\"Cimmino\",\"description\":\"Your partner in style since 1750\",\"potentialAction\":[{\"@type\":\"SearchAction\",\"target\":{\"@type\":\"EntryPoint\",\"urlTemplate\":\"https:\/\/www.cimmino.com\/en\/?s={search_term_string}\"},\"query-input\":\"required name=search_term_string\"}],\"inLanguage\":\"it-IT\"}]}<\/script>\n<!-- \/ Yoast SEO plugin. -->","yoast_head_json":{"title":"Maglina Elastica Aurora - Cimmino","robots":{"index":"index","follow":"follow","max-snippet":"max-snippet:-1","max-image-preview":"max-image-preview:large","max-video-preview":"max-video-preview:-1"},"canonical":"https:\/\/www.cimmino.com\/it\/prodotto\/maglina-elastica-aurora\/","og_locale":"it_IT","og_type":"article","og_title":"Maglina Elastica Aurora - Cimmino","og_description":"Tessuto a maglia realizzato con filato laminati, risulta essere pi\u00f9 pesante del ns. Art. Maglia Metallic e si presta per gli stessi utilizzi. Il prodotto \u00e8 stato sviluppato in n. 10 colori accattivanti, basici e di tendenza. Pu\u00f2 essere adoperato prevalentemente per uso abbigliamento grazie all' accoppiatura con relativa maglina morbida sul rovescio del tessuto, si presta benissimo anche per la realizzazione di costumi mare, abiti streetwear, casual e sportivi.","og_url":"https:\/\/www.cimmino.com\/it\/prodotto\/maglina-elastica-aurora\/","og_site_name":"Cimmino","article_modified_time":"2024-04-17T08:39:06+00:00","og_image":[{"width":1000,"height":667,"url":"https:\/\/www.cimmino.com\/wp-content\/uploads\/2022\/05\/MAGLINA-ELASTICA-AURORA.jpg","type":"image\/jpeg"}],"twitter_card":"summary_large_image","schema":{"@context":"https:\/\/schema.org","@graph":[{"@type":"WebPage","@id":"https:\/\/www.cimmino.com\/it\/prodotto\/maglina-elastica-aurora\/","url":"https:\/\/www.cimmino.com\/it\/prodotto\/maglina-elastica-aurora\/","name":"Maglina Elastica Aurora - Cimmino","isPartOf":{"@id":"https:\/\/www.cimmino.com\/en\/#website"},"datePublished":"2022-05-26T09:15:39+00:00","dateModified":"2024-04-17T08:39:06+00:00","breadcrumb":{"@id":"https:\/\/www.cimmino.com\/it\/prodotto\/maglina-elastica-aurora\/#breadcrumb"},"inLanguage":"it-IT","potentialAction":[{"@type":"ReadAction","target":["https:\/\/www.cimmino.com\/it\/prodotto\/maglina-elastica-aurora\/"]}]},{"@type":"BreadcrumbList","@id":"https:\/\/www.cimmino.com\/it\/prodotto\/maglina-elastica-aurora\/#breadcrumb","itemListElement":[{"@type":"ListItem","position":1,"name":"Home","item":"https:\/\/www.cimmino.com\/it\/"},{"@type":"ListItem","position":2,"name":"Tessuti","item":"https:\/\/www.cimmino.com\/it\/tessuti\/"},{"@type":"ListItem","position":3,"name":"Maglina Elastica Aurora"}]},{"@type":"WebSite","@id":"https:\/\/www.cimmino.com\/en\/#website","url":"https:\/\/www.cimmino.com\/en\/","name":"Cimmino","description":"Your partner in style since 1750","potentialAction":[{"@type":"SearchAction","target":{"@type":"EntryPoint","urlTemplate":"https:\/\/www.cimmino.com\/en\/?s={search_term_string}"},"query-input":"required name=search_term_string"}],"inLanguage":"it-IT"}]}},"_links":{"self":[{"href":"https:\/\/www.cimmino.com\/it\/wp-json\/wp\/v2\/product\/52859","targetHints":{"allow":["GET"]}}],"collection":[{"href":"https:\/\/www.cimmino.com\/it\/wp-json\/wp\/v2\/product"}],"about":[{"href":"https:\/\/www.cimmino.com\/it\/wp-json\/wp\/v2\/types\/product"}],"wp:featuredmedia":[{"embeddable":true,"href":"https:\/\/www.cimmino.com\/it\/wp-json\/wp\/v2\/media\/53029"}],"wp:attachment":[{"href":"https:\/\/www.cimmino.com\/it\/wp-json\/wp\/v2\/media?parent=52859"}],"wp:term":[{"taxonomy":"product_cat","embeddable":true,"href":"https:\/\/www.cimmino.com\/it\/wp-json\/wp\/v2\/product_cat?post=52859"},{"taxonomy":"product_tag","embeddable":true,"href":"https:\/\/www.cimmino.com\/it\/wp-json\/wp\/v2\/product_tag?post=52859"}],"curies":[{"name":"wp","href":"https:\/\/api.w.org\/{rel}","templated":true}]}}