{"id":53137,"date":"2022-07-13T15:33:06","date_gmt":"2022-07-13T13:33:06","guid":{"rendered":"https:\/\/www.cimmino.com\/?post_type=product&#038;p=53137"},"modified":"2024-12-04T10:35:36","modified_gmt":"2024-12-04T09:35:36","slug":"tessuto-panama-digital-festivity","status":"publish","type":"product","link":"https:\/\/www.cimmino.com\/it\/prodotto\/tessuto-panama-digital-festivity\/","title":{"rendered":"Tessuto Panama Digital Festivity"},"content":{"rendered":"","protected":false},"excerpt":{"rendered":"<p>L\u2019 articolo \u00e8 un tessuto in panama con stampe natalizie realizzate in digitale, \u00e8 stato sviluppato in vari disegni tipici molto accattivanti. Pu\u00f2 essere utilizzato per la realizzazione di tovaglie, runner, cuscini, tende decorative, gadget ed imbottiti.<\/p>\n","protected":false},"featured_media":61426,"template":"","meta":[],"product_cat":[160,159,167,183,161],"product_tag":[],"class_list":["post-53137","product","type-product","status-publish","has-post-thumbnail","hentry","product_cat-home-decor","product_cat-natale-ed-eventi","product_cat-outlet","product_cat-tappezzeria","product_cat-tovagliati"],"yoast_head":"<!-- This site is optimized with the Yoast SEO plugin v21.9.1 - https:\/\/yoast.com\/wordpress\/plugins\/seo\/ -->\n<title>Tessuto Panama Digital Festivity - Cimmino<\/title>\n<meta name=\"robots\" content=\"index, follow, max-snippet:-1, max-image-preview:large, max-video-preview:-1\" \/>\n<link rel=\"canonical\" href=\"https:\/\/www.cimmino.com\/it\/prodotto\/tessuto-panama-digital-festivity\/\" \/>\n<meta property=\"og:locale\" content=\"it_IT\" \/>\n<meta property=\"og:type\" content=\"article\" \/>\n<meta property=\"og:title\" content=\"Tessuto Panama Digital Festivity - Cimmino\" \/>\n<meta property=\"og:description\" content=\"L\u2019 articolo \u00e8 un tessuto in panama con stampe natalizie realizzate in digitale, \u00e8 stato sviluppato in vari disegni tipici molto accattivanti. Pu\u00f2 essere utilizzato per la realizzazione di tovaglie, runner, cuscini, tende decorative, gadget ed imbottiti.\" \/>\n<meta property=\"og:url\" content=\"https:\/\/www.cimmino.com\/it\/prodotto\/tessuto-panama-digital-festivity\/\" \/>\n<meta property=\"og:site_name\" content=\"Cimmino\" \/>\n<meta property=\"article:modified_time\" content=\"2024-12-04T09:35:36+00:00\" \/>\n<meta property=\"og:image\" content=\"https:\/\/www.cimmino.com\/wp-content\/uploads\/2024\/07\/TESSUTO-PANAMA-DIGITAL-FESTIVITY-2202.jpg\" \/>\n\t<meta property=\"og:image:width\" content=\"1000\" \/>\n\t<meta property=\"og:image:height\" content=\"667\" \/>\n\t<meta property=\"og:image:type\" content=\"image\/jpeg\" \/>\n<meta name=\"twitter:card\" content=\"summary_large_image\" \/>\n<script type=\"application\/ld+json\" class=\"yoast-schema-graph\">{\"@context\":\"https:\/\/schema.org\",\"@graph\":[{\"@type\":\"WebPage\",\"@id\":\"https:\/\/www.cimmino.com\/it\/prodotto\/tessuto-panama-digital-festivity\/\",\"url\":\"https:\/\/www.cimmino.com\/it\/prodotto\/tessuto-panama-digital-festivity\/\",\"name\":\"Tessuto Panama Digital Festivity - Cimmino\",\"isPartOf\":{\"@id\":\"https:\/\/www.cimmino.com\/en\/#website\"},\"datePublished\":\"2022-07-13T13:33:06+00:00\",\"dateModified\":\"2024-12-04T09:35:36+00:00\",\"breadcrumb\":{\"@id\":\"https:\/\/www.cimmino.com\/it\/prodotto\/tessuto-panama-digital-festivity\/#breadcrumb\"},\"inLanguage\":\"it-IT\",\"potentialAction\":[{\"@type\":\"ReadAction\",\"target\":[\"https:\/\/www.cimmino.com\/it\/prodotto\/tessuto-panama-digital-festivity\/\"]}]},{\"@type\":\"BreadcrumbList\",\"@id\":\"https:\/\/www.cimmino.com\/it\/prodotto\/tessuto-panama-digital-festivity\/#breadcrumb\",\"itemListElement\":[{\"@type\":\"ListItem\",\"position\":1,\"name\":\"Home\",\"item\":\"https:\/\/www.cimmino.com\/it\/\"},{\"@type\":\"ListItem\",\"position\":2,\"name\":\"Tessuti\",\"item\":\"https:\/\/www.cimmino.com\/it\/tessuti\/\"},{\"@type\":\"ListItem\",\"position\":3,\"name\":\"Tessuto Panama Digital Festivity\"}]},{\"@type\":\"WebSite\",\"@id\":\"https:\/\/www.cimmino.com\/en\/#website\",\"url\":\"https:\/\/www.cimmino.com\/en\/\",\"name\":\"Cimmino\",\"description\":\"Your partner in style since 1750\",\"potentialAction\":[{\"@type\":\"SearchAction\",\"target\":{\"@type\":\"EntryPoint\",\"urlTemplate\":\"https:\/\/www.cimmino.com\/en\/?s={search_term_string}\"},\"query-input\":\"required name=search_term_string\"}],\"inLanguage\":\"it-IT\"}]}<\/script>\n<!-- \/ Yoast SEO plugin. -->","yoast_head_json":{"title":"Tessuto Panama Digital Festivity - Cimmino","robots":{"index":"index","follow":"follow","max-snippet":"max-snippet:-1","max-image-preview":"max-image-preview:large","max-video-preview":"max-video-preview:-1"},"canonical":"https:\/\/www.cimmino.com\/it\/prodotto\/tessuto-panama-digital-festivity\/","og_locale":"it_IT","og_type":"article","og_title":"Tessuto Panama Digital Festivity - Cimmino","og_description":"L\u2019 articolo \u00e8 un tessuto in panama con stampe natalizie realizzate in digitale, \u00e8 stato sviluppato in vari disegni tipici molto accattivanti. Pu\u00f2 essere utilizzato per la realizzazione di tovaglie, runner, cuscini, tende decorative, gadget ed imbottiti.","og_url":"https:\/\/www.cimmino.com\/it\/prodotto\/tessuto-panama-digital-festivity\/","og_site_name":"Cimmino","article_modified_time":"2024-12-04T09:35:36+00:00","og_image":[{"width":1000,"height":667,"url":"https:\/\/www.cimmino.com\/wp-content\/uploads\/2024\/07\/TESSUTO-PANAMA-DIGITAL-FESTIVITY-2202.jpg","type":"image\/jpeg"}],"twitter_card":"summary_large_image","schema":{"@context":"https:\/\/schema.org","@graph":[{"@type":"WebPage","@id":"https:\/\/www.cimmino.com\/it\/prodotto\/tessuto-panama-digital-festivity\/","url":"https:\/\/www.cimmino.com\/it\/prodotto\/tessuto-panama-digital-festivity\/","name":"Tessuto Panama Digital Festivity - Cimmino","isPartOf":{"@id":"https:\/\/www.cimmino.com\/en\/#website"},"datePublished":"2022-07-13T13:33:06+00:00","dateModified":"2024-12-04T09:35:36+00:00","breadcrumb":{"@id":"https:\/\/www.cimmino.com\/it\/prodotto\/tessuto-panama-digital-festivity\/#breadcrumb"},"inLanguage":"it-IT","potentialAction":[{"@type":"ReadAction","target":["https:\/\/www.cimmino.com\/it\/prodotto\/tessuto-panama-digital-festivity\/"]}]},{"@type":"BreadcrumbList","@id":"https:\/\/www.cimmino.com\/it\/prodotto\/tessuto-panama-digital-festivity\/#breadcrumb","itemListElement":[{"@type":"ListItem","position":1,"name":"Home","item":"https:\/\/www.cimmino.com\/it\/"},{"@type":"ListItem","position":2,"name":"Tessuti","item":"https:\/\/www.cimmino.com\/it\/tessuti\/"},{"@type":"ListItem","position":3,"name":"Tessuto Panama Digital Festivity"}]},{"@type":"WebSite","@id":"https:\/\/www.cimmino.com\/en\/#website","url":"https:\/\/www.cimmino.com\/en\/","name":"Cimmino","description":"Your partner in style since 1750","potentialAction":[{"@type":"SearchAction","target":{"@type":"EntryPoint","urlTemplate":"https:\/\/www.cimmino.com\/en\/?s={search_term_string}"},"query-input":"required name=search_term_string"}],"inLanguage":"it-IT"}]}},"_links":{"self":[{"href":"https:\/\/www.cimmino.com\/it\/wp-json\/wp\/v2\/product\/53137","targetHints":{"allow":["GET"]}}],"collection":[{"href":"https:\/\/www.cimmino.com\/it\/wp-json\/wp\/v2\/product"}],"about":[{"href":"https:\/\/www.cimmino.com\/it\/wp-json\/wp\/v2\/types\/product"}],"wp:featuredmedia":[{"embeddable":true,"href":"https:\/\/www.cimmino.com\/it\/wp-json\/wp\/v2\/media\/61426"}],"wp:attachment":[{"href":"https:\/\/www.cimmino.com\/it\/wp-json\/wp\/v2\/media?parent=53137"}],"wp:term":[{"taxonomy":"product_cat","embeddable":true,"href":"https:\/\/www.cimmino.com\/it\/wp-json\/wp\/v2\/product_cat?post=53137"},{"taxonomy":"product_tag","embeddable":true,"href":"https:\/\/www.cimmino.com\/it\/wp-json\/wp\/v2\/product_tag?post=53137"}],"curies":[{"name":"wp","href":"https:\/\/api.w.org\/{rel}","templated":true}]}}