{"id":58534,"date":"2023-11-09T13:16:24","date_gmt":"2023-11-09T12:16:24","guid":{"rendered":"https:\/\/www.cimmino.com\/?post_type=product&#038;p=58534"},"modified":"2024-10-28T15:59:47","modified_gmt":"2024-10-28T14:59:47","slug":"interlock-stampato-colonia","status":"publish","type":"product","link":"https:\/\/www.cimmino.com\/it\/prodotto\/interlock-stampato-colonia\/","title":{"rendered":"Interlock Stampato Colonia"},"content":{"rendered":"","protected":false},"excerpt":{"rendered":"<p>Tessuto in <strong>poliestere con effetto elastico<\/strong>, ideale per la creazione di <strong>abbigliamento carnevalesco<\/strong> e costumi scenici. Caratterizzato da una lavorazione <strong>interlock<\/strong> che conferisce maggiore elasticit\u00e0 e comfort, questo materiale si distingue per i suoi <strong>colori accesi<\/strong> e vibranti, perfetti per realizzare capi allegri e creativi. Grazie alla sua resistenza e versatilit\u00e0, \u00e8 la scelta ideale per costumi che richiedono libert\u00e0 di movimento e durata.<\/p>\n","protected":false},"featured_media":58532,"template":"","meta":[],"product_cat":[158,159],"product_tag":[],"class_list":["post-58534","product","type-product","status-publish","has-post-thumbnail","hentry","product_cat-carnevale-cosplay","product_cat-natale-ed-eventi"],"yoast_head":"<!-- This site is optimized with the Yoast SEO plugin v21.9.1 - https:\/\/yoast.com\/wordpress\/plugins\/seo\/ -->\n<title>Interlock Stampato Colonia - Cimmino<\/title>\n<meta name=\"robots\" content=\"index, follow, max-snippet:-1, max-image-preview:large, max-video-preview:-1\" \/>\n<link rel=\"canonical\" href=\"https:\/\/www.cimmino.com\/it\/prodotto\/interlock-stampato-colonia\/\" \/>\n<meta property=\"og:locale\" content=\"it_IT\" \/>\n<meta property=\"og:type\" content=\"article\" \/>\n<meta property=\"og:title\" content=\"Interlock Stampato Colonia - Cimmino\" \/>\n<meta property=\"og:description\" content=\"Tessuto in poliestere con effetto elastico, ideale per la creazione di abbigliamento carnevalesco e costumi scenici. Caratterizzato da una lavorazione interlock che conferisce maggiore elasticit\u00e0 e comfort, questo materiale si distingue per i suoi colori accesi e vibranti, perfetti per realizzare capi allegri e creativi. Grazie alla sua resistenza e versatilit\u00e0, \u00e8 la scelta ideale per costumi che richiedono libert\u00e0 di movimento e durata.\" \/>\n<meta property=\"og:url\" content=\"https:\/\/www.cimmino.com\/it\/prodotto\/interlock-stampato-colonia\/\" \/>\n<meta property=\"og:site_name\" content=\"Cimmino\" \/>\n<meta property=\"article:modified_time\" content=\"2024-10-28T14:59:47+00:00\" \/>\n<meta property=\"og:image\" content=\"https:\/\/www.cimmino.com\/wp-content\/uploads\/2023\/11\/INTERLOCK-STAMPATO-COLONIA.jpg\" \/>\n\t<meta property=\"og:image:width\" content=\"1000\" \/>\n\t<meta property=\"og:image:height\" content=\"667\" \/>\n\t<meta property=\"og:image:type\" content=\"image\/jpeg\" \/>\n<meta name=\"twitter:card\" content=\"summary_large_image\" \/>\n<script type=\"application\/ld+json\" class=\"yoast-schema-graph\">{\"@context\":\"https:\/\/schema.org\",\"@graph\":[{\"@type\":\"WebPage\",\"@id\":\"https:\/\/www.cimmino.com\/it\/prodotto\/interlock-stampato-colonia\/\",\"url\":\"https:\/\/www.cimmino.com\/it\/prodotto\/interlock-stampato-colonia\/\",\"name\":\"Interlock Stampato Colonia - Cimmino\",\"isPartOf\":{\"@id\":\"https:\/\/www.cimmino.com\/en\/#website\"},\"datePublished\":\"2023-11-09T12:16:24+00:00\",\"dateModified\":\"2024-10-28T14:59:47+00:00\",\"breadcrumb\":{\"@id\":\"https:\/\/www.cimmino.com\/it\/prodotto\/interlock-stampato-colonia\/#breadcrumb\"},\"inLanguage\":\"it-IT\",\"potentialAction\":[{\"@type\":\"ReadAction\",\"target\":[\"https:\/\/www.cimmino.com\/it\/prodotto\/interlock-stampato-colonia\/\"]}]},{\"@type\":\"BreadcrumbList\",\"@id\":\"https:\/\/www.cimmino.com\/it\/prodotto\/interlock-stampato-colonia\/#breadcrumb\",\"itemListElement\":[{\"@type\":\"ListItem\",\"position\":1,\"name\":\"Home\",\"item\":\"https:\/\/www.cimmino.com\/it\/\"},{\"@type\":\"ListItem\",\"position\":2,\"name\":\"Tessuti\",\"item\":\"https:\/\/www.cimmino.com\/it\/tessuti\/\"},{\"@type\":\"ListItem\",\"position\":3,\"name\":\"Interlock Stampato Colonia\"}]},{\"@type\":\"WebSite\",\"@id\":\"https:\/\/www.cimmino.com\/en\/#website\",\"url\":\"https:\/\/www.cimmino.com\/en\/\",\"name\":\"Cimmino\",\"description\":\"Your partner in style since 1750\",\"potentialAction\":[{\"@type\":\"SearchAction\",\"target\":{\"@type\":\"EntryPoint\",\"urlTemplate\":\"https:\/\/www.cimmino.com\/en\/?s={search_term_string}\"},\"query-input\":\"required name=search_term_string\"}],\"inLanguage\":\"it-IT\"}]}<\/script>\n<!-- \/ Yoast SEO plugin. -->","yoast_head_json":{"title":"Interlock Stampato Colonia - Cimmino","robots":{"index":"index","follow":"follow","max-snippet":"max-snippet:-1","max-image-preview":"max-image-preview:large","max-video-preview":"max-video-preview:-1"},"canonical":"https:\/\/www.cimmino.com\/it\/prodotto\/interlock-stampato-colonia\/","og_locale":"it_IT","og_type":"article","og_title":"Interlock Stampato Colonia - Cimmino","og_description":"Tessuto in poliestere con effetto elastico, ideale per la creazione di abbigliamento carnevalesco e costumi scenici. Caratterizzato da una lavorazione interlock che conferisce maggiore elasticit\u00e0 e comfort, questo materiale si distingue per i suoi colori accesi e vibranti, perfetti per realizzare capi allegri e creativi. Grazie alla sua resistenza e versatilit\u00e0, \u00e8 la scelta ideale per costumi che richiedono libert\u00e0 di movimento e durata.","og_url":"https:\/\/www.cimmino.com\/it\/prodotto\/interlock-stampato-colonia\/","og_site_name":"Cimmino","article_modified_time":"2024-10-28T14:59:47+00:00","og_image":[{"width":1000,"height":667,"url":"https:\/\/www.cimmino.com\/wp-content\/uploads\/2023\/11\/INTERLOCK-STAMPATO-COLONIA.jpg","type":"image\/jpeg"}],"twitter_card":"summary_large_image","schema":{"@context":"https:\/\/schema.org","@graph":[{"@type":"WebPage","@id":"https:\/\/www.cimmino.com\/it\/prodotto\/interlock-stampato-colonia\/","url":"https:\/\/www.cimmino.com\/it\/prodotto\/interlock-stampato-colonia\/","name":"Interlock Stampato Colonia - Cimmino","isPartOf":{"@id":"https:\/\/www.cimmino.com\/en\/#website"},"datePublished":"2023-11-09T12:16:24+00:00","dateModified":"2024-10-28T14:59:47+00:00","breadcrumb":{"@id":"https:\/\/www.cimmino.com\/it\/prodotto\/interlock-stampato-colonia\/#breadcrumb"},"inLanguage":"it-IT","potentialAction":[{"@type":"ReadAction","target":["https:\/\/www.cimmino.com\/it\/prodotto\/interlock-stampato-colonia\/"]}]},{"@type":"BreadcrumbList","@id":"https:\/\/www.cimmino.com\/it\/prodotto\/interlock-stampato-colonia\/#breadcrumb","itemListElement":[{"@type":"ListItem","position":1,"name":"Home","item":"https:\/\/www.cimmino.com\/it\/"},{"@type":"ListItem","position":2,"name":"Tessuti","item":"https:\/\/www.cimmino.com\/it\/tessuti\/"},{"@type":"ListItem","position":3,"name":"Interlock Stampato Colonia"}]},{"@type":"WebSite","@id":"https:\/\/www.cimmino.com\/en\/#website","url":"https:\/\/www.cimmino.com\/en\/","name":"Cimmino","description":"Your partner in style since 1750","potentialAction":[{"@type":"SearchAction","target":{"@type":"EntryPoint","urlTemplate":"https:\/\/www.cimmino.com\/en\/?s={search_term_string}"},"query-input":"required name=search_term_string"}],"inLanguage":"it-IT"}]}},"_links":{"self":[{"href":"https:\/\/www.cimmino.com\/it\/wp-json\/wp\/v2\/product\/58534","targetHints":{"allow":["GET"]}}],"collection":[{"href":"https:\/\/www.cimmino.com\/it\/wp-json\/wp\/v2\/product"}],"about":[{"href":"https:\/\/www.cimmino.com\/it\/wp-json\/wp\/v2\/types\/product"}],"wp:featuredmedia":[{"embeddable":true,"href":"https:\/\/www.cimmino.com\/it\/wp-json\/wp\/v2\/media\/58532"}],"wp:attachment":[{"href":"https:\/\/www.cimmino.com\/it\/wp-json\/wp\/v2\/media?parent=58534"}],"wp:term":[{"taxonomy":"product_cat","embeddable":true,"href":"https:\/\/www.cimmino.com\/it\/wp-json\/wp\/v2\/product_cat?post=58534"},{"taxonomy":"product_tag","embeddable":true,"href":"https:\/\/www.cimmino.com\/it\/wp-json\/wp\/v2\/product_tag?post=58534"}],"curies":[{"name":"wp","href":"https:\/\/api.w.org\/{rel}","templated":true}]}}