{"id":59855,"date":"2024-02-22T11:14:32","date_gmt":"2024-02-22T10:14:32","guid":{"rendered":"https:\/\/www.cimmino.com\/?post_type=product&#038;p=59855"},"modified":"2024-02-22T11:14:33","modified_gmt":"2024-02-22T10:14:33","slug":"rete-elestica-cluster","status":"publish","type":"product","link":"https:\/\/www.cimmino.com\/it\/prodotto\/rete-elestica-cluster\/","title":{"rendered":"Rete Elestica Cluster"},"content":{"rendered":"","protected":false},"excerpt":{"rendered":"<p><span data-sheets-root=\"1\" data-sheets-value=\"{&quot;1&quot;:2,&quot;2&quot;:&quot;Rete elastica nera, spesso utilizzata per realizzare abiti da ballo, poich\u00e9 offre comfort, flessibilit\u00e0 e facilit\u00e0 di movimento. Questo tessuto \u00e8 comunemente utlizzato per le gonne o le parti inferiori degli abiti da ballo, in particolare per stili come il tango, il flamenco, il balletto e altri balli che richiedono ampie movenze e che enfatizzano il movimento del corpo.&quot;}\" data-sheets-userformat=\"{&quot;2&quot;:15359,&quot;3&quot;:{&quot;1&quot;:0},&quot;4&quot;:{&quot;1&quot;:2,&quot;2&quot;:16777215},&quot;5&quot;:{&quot;1&quot;:[{&quot;1&quot;:2,&quot;2&quot;:0,&quot;5&quot;:{&quot;1&quot;:2,&quot;2&quot;:0}},{&quot;1&quot;:0,&quot;2&quot;:0,&quot;3&quot;:3},{&quot;1&quot;:1,&quot;2&quot;:0,&quot;4&quot;:1}]},&quot;6&quot;:{&quot;1&quot;:[{&quot;1&quot;:2,&quot;2&quot;:0,&quot;5&quot;:{&quot;1&quot;:2,&quot;2&quot;:0}},{&quot;1&quot;:0,&quot;2&quot;:0,&quot;3&quot;:3},{&quot;1&quot;:1,&quot;2&quot;:0,&quot;4&quot;:1}]},&quot;7&quot;:{&quot;1&quot;:[{&quot;1&quot;:2,&quot;2&quot;:0,&quot;5&quot;:{&quot;1&quot;:2,&quot;2&quot;:0}},{&quot;1&quot;:0,&quot;2&quot;:0,&quot;3&quot;:3},{&quot;1&quot;:1,&quot;2&quot;:0,&quot;4&quot;:1}]},&quot;8&quot;:{&quot;1&quot;:[{&quot;1&quot;:2,&quot;2&quot;:0,&quot;5&quot;:{&quot;1&quot;:2,&quot;2&quot;:0}},{&quot;1&quot;:0,&quot;2&quot;:0,&quot;3&quot;:3},{&quot;1&quot;:1,&quot;2&quot;:0,&quot;4&quot;:1}]},&quot;9&quot;:0,&quot;10&quot;:1,&quot;11&quot;:4,&quot;12&quot;:0,&quot;14&quot;:{&quot;1&quot;:2,&quot;2&quot;:0},&quot;15&quot;:&quot;Arial&quot;,&quot;16&quot;:12}\">Rete elastica nera, spesso utilizzata per realizzare abiti da ballo, poich\u00e9 offre comfort, flessibilit\u00e0 e facilit\u00e0 di movimento. Questo tessuto \u00e8 comunemente utilizzato per le gonne o le parti inferiori degli abiti da ballo, in particolare per stili come il tango, il flamenco, il balletto e altri balli che richiedono ampie movenze e che enfatizzano il movimento del corpo.<\/span><\/p>\n","protected":false},"featured_media":59635,"template":"","meta":[],"product_cat":[156,177,170],"product_tag":[],"class_list":["post-59855","product","type-product","status-publish","has-post-thumbnail","hentry","product_cat-abbigliamento","product_cat-danza-spettacolo","product_cat-novita"],"yoast_head":"<!-- This site is optimized with the Yoast SEO plugin v21.9.1 - https:\/\/yoast.com\/wordpress\/plugins\/seo\/ -->\n<title>Rete Elestica Cluster - Cimmino<\/title>\n<meta name=\"robots\" content=\"index, follow, max-snippet:-1, max-image-preview:large, max-video-preview:-1\" \/>\n<link rel=\"canonical\" href=\"https:\/\/www.cimmino.com\/it\/prodotto\/rete-elestica-cluster\/\" \/>\n<meta property=\"og:locale\" content=\"it_IT\" \/>\n<meta property=\"og:type\" content=\"article\" \/>\n<meta property=\"og:title\" content=\"Rete Elestica Cluster - Cimmino\" \/>\n<meta property=\"og:description\" content=\"Rete elastica nera, spesso utilizzata per realizzare abiti da ballo, poich\u00e9 offre comfort, flessibilit\u00e0 e facilit\u00e0 di movimento. Questo tessuto \u00e8 comunemente utilizzato per le gonne o le parti inferiori degli abiti da ballo, in particolare per stili come il tango, il flamenco, il balletto e altri balli che richiedono ampie movenze e che enfatizzano il movimento del corpo.\" \/>\n<meta property=\"og:url\" content=\"https:\/\/www.cimmino.com\/it\/prodotto\/rete-elestica-cluster\/\" \/>\n<meta property=\"og:site_name\" content=\"Cimmino\" \/>\n<meta property=\"article:modified_time\" content=\"2024-02-22T10:14:33+00:00\" \/>\n<meta property=\"og:image\" content=\"https:\/\/www.cimmino.com\/wp-content\/uploads\/2024\/02\/RETE-ELASTICA-CLUSTER.jpg\" \/>\n\t<meta property=\"og:image:width\" content=\"1000\" \/>\n\t<meta property=\"og:image:height\" content=\"667\" \/>\n\t<meta property=\"og:image:type\" content=\"image\/jpeg\" \/>\n<meta name=\"twitter:card\" content=\"summary_large_image\" \/>\n<script type=\"application\/ld+json\" class=\"yoast-schema-graph\">{\"@context\":\"https:\/\/schema.org\",\"@graph\":[{\"@type\":\"WebPage\",\"@id\":\"https:\/\/www.cimmino.com\/it\/prodotto\/rete-elestica-cluster\/\",\"url\":\"https:\/\/www.cimmino.com\/it\/prodotto\/rete-elestica-cluster\/\",\"name\":\"Rete Elestica Cluster - Cimmino\",\"isPartOf\":{\"@id\":\"https:\/\/www.cimmino.com\/en\/#website\"},\"datePublished\":\"2024-02-22T10:14:32+00:00\",\"dateModified\":\"2024-02-22T10:14:33+00:00\",\"breadcrumb\":{\"@id\":\"https:\/\/www.cimmino.com\/it\/prodotto\/rete-elestica-cluster\/#breadcrumb\"},\"inLanguage\":\"it-IT\",\"potentialAction\":[{\"@type\":\"ReadAction\",\"target\":[\"https:\/\/www.cimmino.com\/it\/prodotto\/rete-elestica-cluster\/\"]}]},{\"@type\":\"BreadcrumbList\",\"@id\":\"https:\/\/www.cimmino.com\/it\/prodotto\/rete-elestica-cluster\/#breadcrumb\",\"itemListElement\":[{\"@type\":\"ListItem\",\"position\":1,\"name\":\"Home\",\"item\":\"https:\/\/www.cimmino.com\/it\/\"},{\"@type\":\"ListItem\",\"position\":2,\"name\":\"Tessuti\",\"item\":\"https:\/\/www.cimmino.com\/it\/tessuti\/\"},{\"@type\":\"ListItem\",\"position\":3,\"name\":\"Rete Elestica Cluster\"}]},{\"@type\":\"WebSite\",\"@id\":\"https:\/\/www.cimmino.com\/en\/#website\",\"url\":\"https:\/\/www.cimmino.com\/en\/\",\"name\":\"Cimmino\",\"description\":\"Your partner in style since 1750\",\"potentialAction\":[{\"@type\":\"SearchAction\",\"target\":{\"@type\":\"EntryPoint\",\"urlTemplate\":\"https:\/\/www.cimmino.com\/en\/?s={search_term_string}\"},\"query-input\":\"required name=search_term_string\"}],\"inLanguage\":\"it-IT\"}]}<\/script>\n<!-- \/ Yoast SEO plugin. -->","yoast_head_json":{"title":"Rete Elestica Cluster - Cimmino","robots":{"index":"index","follow":"follow","max-snippet":"max-snippet:-1","max-image-preview":"max-image-preview:large","max-video-preview":"max-video-preview:-1"},"canonical":"https:\/\/www.cimmino.com\/it\/prodotto\/rete-elestica-cluster\/","og_locale":"it_IT","og_type":"article","og_title":"Rete Elestica Cluster - Cimmino","og_description":"Rete elastica nera, spesso utilizzata per realizzare abiti da ballo, poich\u00e9 offre comfort, flessibilit\u00e0 e facilit\u00e0 di movimento. Questo tessuto \u00e8 comunemente utilizzato per le gonne o le parti inferiori degli abiti da ballo, in particolare per stili come il tango, il flamenco, il balletto e altri balli che richiedono ampie movenze e che enfatizzano il movimento del corpo.","og_url":"https:\/\/www.cimmino.com\/it\/prodotto\/rete-elestica-cluster\/","og_site_name":"Cimmino","article_modified_time":"2024-02-22T10:14:33+00:00","og_image":[{"width":1000,"height":667,"url":"https:\/\/www.cimmino.com\/wp-content\/uploads\/2024\/02\/RETE-ELASTICA-CLUSTER.jpg","type":"image\/jpeg"}],"twitter_card":"summary_large_image","schema":{"@context":"https:\/\/schema.org","@graph":[{"@type":"WebPage","@id":"https:\/\/www.cimmino.com\/it\/prodotto\/rete-elestica-cluster\/","url":"https:\/\/www.cimmino.com\/it\/prodotto\/rete-elestica-cluster\/","name":"Rete Elestica Cluster - Cimmino","isPartOf":{"@id":"https:\/\/www.cimmino.com\/en\/#website"},"datePublished":"2024-02-22T10:14:32+00:00","dateModified":"2024-02-22T10:14:33+00:00","breadcrumb":{"@id":"https:\/\/www.cimmino.com\/it\/prodotto\/rete-elestica-cluster\/#breadcrumb"},"inLanguage":"it-IT","potentialAction":[{"@type":"ReadAction","target":["https:\/\/www.cimmino.com\/it\/prodotto\/rete-elestica-cluster\/"]}]},{"@type":"BreadcrumbList","@id":"https:\/\/www.cimmino.com\/it\/prodotto\/rete-elestica-cluster\/#breadcrumb","itemListElement":[{"@type":"ListItem","position":1,"name":"Home","item":"https:\/\/www.cimmino.com\/it\/"},{"@type":"ListItem","position":2,"name":"Tessuti","item":"https:\/\/www.cimmino.com\/it\/tessuti\/"},{"@type":"ListItem","position":3,"name":"Rete Elestica Cluster"}]},{"@type":"WebSite","@id":"https:\/\/www.cimmino.com\/en\/#website","url":"https:\/\/www.cimmino.com\/en\/","name":"Cimmino","description":"Your partner in style since 1750","potentialAction":[{"@type":"SearchAction","target":{"@type":"EntryPoint","urlTemplate":"https:\/\/www.cimmino.com\/en\/?s={search_term_string}"},"query-input":"required name=search_term_string"}],"inLanguage":"it-IT"}]}},"_links":{"self":[{"href":"https:\/\/www.cimmino.com\/it\/wp-json\/wp\/v2\/product\/59855","targetHints":{"allow":["GET"]}}],"collection":[{"href":"https:\/\/www.cimmino.com\/it\/wp-json\/wp\/v2\/product"}],"about":[{"href":"https:\/\/www.cimmino.com\/it\/wp-json\/wp\/v2\/types\/product"}],"wp:featuredmedia":[{"embeddable":true,"href":"https:\/\/www.cimmino.com\/it\/wp-json\/wp\/v2\/media\/59635"}],"wp:attachment":[{"href":"https:\/\/www.cimmino.com\/it\/wp-json\/wp\/v2\/media?parent=59855"}],"wp:term":[{"taxonomy":"product_cat","embeddable":true,"href":"https:\/\/www.cimmino.com\/it\/wp-json\/wp\/v2\/product_cat?post=59855"},{"taxonomy":"product_tag","embeddable":true,"href":"https:\/\/www.cimmino.com\/it\/wp-json\/wp\/v2\/product_tag?post=59855"}],"curies":[{"name":"wp","href":"https:\/\/api.w.org\/{rel}","templated":true}]}}