{"id":60704,"date":"2024-05-10T10:42:35","date_gmt":"2024-05-10T08:42:35","guid":{"rendered":"https:\/\/www.cimmino.com\/?post_type=product&#038;p=60704"},"modified":"2024-05-21T12:19:44","modified_gmt":"2024-05-21T10:19:44","slug":"tovagliato-resinato-alpine-quadrato","status":"publish","type":"product","link":"https:\/\/www.cimmino.com\/it\/prodotto\/tovagliato-resinato-alpine-quadrato\/","title":{"rendered":"Tovagliato Resinato Alpine Quadrato"},"content":{"rendered":"","protected":false},"excerpt":{"rendered":"<p>Questo nuovo tessuto per tovaglie, disponibile sia in colori uniti che con motivi a quadretti stile Vichy, unisce praticit\u00e0 ed eleganza. Realizzata con materiali di alta qualit\u00e0, \u00e8 resistente alle macchie e facile da pulire, rendendola ideale per l&#8217;uso quotidiano in cui si predilige la praticit\u00e0. Adattissimo anche per forniture a ristoranti e bar e pi\u00f9 in generale per tutto il mondo HO.RE.CA.<\/p>\n","protected":false},"featured_media":60705,"template":"","meta":[],"product_cat":[160,170,161],"product_tag":[],"class_list":["post-60704","product","type-product","status-publish","has-post-thumbnail","hentry","product_cat-home-decor","product_cat-novita","product_cat-tovagliati"],"yoast_head":"<!-- This site is optimized with the Yoast SEO plugin v21.9.1 - https:\/\/yoast.com\/wordpress\/plugins\/seo\/ -->\n<title>Tovagliato Resinato Alpine Quadrato - Cimmino<\/title>\n<meta name=\"robots\" content=\"index, follow, max-snippet:-1, max-image-preview:large, max-video-preview:-1\" \/>\n<link rel=\"canonical\" href=\"https:\/\/www.cimmino.com\/it\/prodotto\/tovagliato-resinato-alpine-quadrato\/\" \/>\n<meta property=\"og:locale\" content=\"it_IT\" \/>\n<meta property=\"og:type\" content=\"article\" \/>\n<meta property=\"og:title\" content=\"Tovagliato Resinato Alpine Quadrato - Cimmino\" \/>\n<meta property=\"og:description\" content=\"Questo nuovo tessuto per tovaglie, disponibile sia in colori uniti che con motivi a quadretti stile Vichy, unisce praticit\u00e0 ed eleganza. Realizzata con materiali di alta qualit\u00e0, \u00e8 resistente alle macchie e facile da pulire, rendendola ideale per l&#039;uso quotidiano in cui si predilige la praticit\u00e0. Adattissimo anche per forniture a ristoranti e bar e pi\u00f9 in generale per tutto il mondo HO.RE.CA.\" \/>\n<meta property=\"og:url\" content=\"https:\/\/www.cimmino.com\/it\/prodotto\/tovagliato-resinato-alpine-quadrato\/\" \/>\n<meta property=\"og:site_name\" content=\"Cimmino\" \/>\n<meta property=\"article:modified_time\" content=\"2024-05-21T10:19:44+00:00\" \/>\n<meta property=\"og:image\" content=\"https:\/\/www.cimmino.com\/wp-content\/uploads\/2024\/05\/TOVAGLIATO-RESINATO-ALPINE-STAMPATO.jpg\" \/>\n\t<meta property=\"og:image:width\" content=\"1000\" \/>\n\t<meta property=\"og:image:height\" content=\"667\" \/>\n\t<meta property=\"og:image:type\" content=\"image\/jpeg\" \/>\n<meta name=\"twitter:card\" content=\"summary_large_image\" \/>\n<script type=\"application\/ld+json\" class=\"yoast-schema-graph\">{\"@context\":\"https:\/\/schema.org\",\"@graph\":[{\"@type\":\"WebPage\",\"@id\":\"https:\/\/www.cimmino.com\/it\/prodotto\/tovagliato-resinato-alpine-quadrato\/\",\"url\":\"https:\/\/www.cimmino.com\/it\/prodotto\/tovagliato-resinato-alpine-quadrato\/\",\"name\":\"Tovagliato Resinato Alpine Quadrato - Cimmino\",\"isPartOf\":{\"@id\":\"https:\/\/www.cimmino.com\/en\/#website\"},\"datePublished\":\"2024-05-10T08:42:35+00:00\",\"dateModified\":\"2024-05-21T10:19:44+00:00\",\"breadcrumb\":{\"@id\":\"https:\/\/www.cimmino.com\/it\/prodotto\/tovagliato-resinato-alpine-quadrato\/#breadcrumb\"},\"inLanguage\":\"it-IT\",\"potentialAction\":[{\"@type\":\"ReadAction\",\"target\":[\"https:\/\/www.cimmino.com\/it\/prodotto\/tovagliato-resinato-alpine-quadrato\/\"]}]},{\"@type\":\"BreadcrumbList\",\"@id\":\"https:\/\/www.cimmino.com\/it\/prodotto\/tovagliato-resinato-alpine-quadrato\/#breadcrumb\",\"itemListElement\":[{\"@type\":\"ListItem\",\"position\":1,\"name\":\"Home\",\"item\":\"https:\/\/www.cimmino.com\/it\/\"},{\"@type\":\"ListItem\",\"position\":2,\"name\":\"Tessuti\",\"item\":\"https:\/\/www.cimmino.com\/it\/tessuti\/\"},{\"@type\":\"ListItem\",\"position\":3,\"name\":\"Tovagliato Resinato Alpine Quadrato\"}]},{\"@type\":\"WebSite\",\"@id\":\"https:\/\/www.cimmino.com\/en\/#website\",\"url\":\"https:\/\/www.cimmino.com\/en\/\",\"name\":\"Cimmino\",\"description\":\"Your partner in style since 1750\",\"potentialAction\":[{\"@type\":\"SearchAction\",\"target\":{\"@type\":\"EntryPoint\",\"urlTemplate\":\"https:\/\/www.cimmino.com\/en\/?s={search_term_string}\"},\"query-input\":\"required name=search_term_string\"}],\"inLanguage\":\"it-IT\"}]}<\/script>\n<!-- \/ Yoast SEO plugin. -->","yoast_head_json":{"title":"Tovagliato Resinato Alpine Quadrato - Cimmino","robots":{"index":"index","follow":"follow","max-snippet":"max-snippet:-1","max-image-preview":"max-image-preview:large","max-video-preview":"max-video-preview:-1"},"canonical":"https:\/\/www.cimmino.com\/it\/prodotto\/tovagliato-resinato-alpine-quadrato\/","og_locale":"it_IT","og_type":"article","og_title":"Tovagliato Resinato Alpine Quadrato - Cimmino","og_description":"Questo nuovo tessuto per tovaglie, disponibile sia in colori uniti che con motivi a quadretti stile Vichy, unisce praticit\u00e0 ed eleganza. Realizzata con materiali di alta qualit\u00e0, \u00e8 resistente alle macchie e facile da pulire, rendendola ideale per l'uso quotidiano in cui si predilige la praticit\u00e0. Adattissimo anche per forniture a ristoranti e bar e pi\u00f9 in generale per tutto il mondo HO.RE.CA.","og_url":"https:\/\/www.cimmino.com\/it\/prodotto\/tovagliato-resinato-alpine-quadrato\/","og_site_name":"Cimmino","article_modified_time":"2024-05-21T10:19:44+00:00","og_image":[{"width":1000,"height":667,"url":"https:\/\/www.cimmino.com\/wp-content\/uploads\/2024\/05\/TOVAGLIATO-RESINATO-ALPINE-STAMPATO.jpg","type":"image\/jpeg"}],"twitter_card":"summary_large_image","schema":{"@context":"https:\/\/schema.org","@graph":[{"@type":"WebPage","@id":"https:\/\/www.cimmino.com\/it\/prodotto\/tovagliato-resinato-alpine-quadrato\/","url":"https:\/\/www.cimmino.com\/it\/prodotto\/tovagliato-resinato-alpine-quadrato\/","name":"Tovagliato Resinato Alpine Quadrato - Cimmino","isPartOf":{"@id":"https:\/\/www.cimmino.com\/en\/#website"},"datePublished":"2024-05-10T08:42:35+00:00","dateModified":"2024-05-21T10:19:44+00:00","breadcrumb":{"@id":"https:\/\/www.cimmino.com\/it\/prodotto\/tovagliato-resinato-alpine-quadrato\/#breadcrumb"},"inLanguage":"it-IT","potentialAction":[{"@type":"ReadAction","target":["https:\/\/www.cimmino.com\/it\/prodotto\/tovagliato-resinato-alpine-quadrato\/"]}]},{"@type":"BreadcrumbList","@id":"https:\/\/www.cimmino.com\/it\/prodotto\/tovagliato-resinato-alpine-quadrato\/#breadcrumb","itemListElement":[{"@type":"ListItem","position":1,"name":"Home","item":"https:\/\/www.cimmino.com\/it\/"},{"@type":"ListItem","position":2,"name":"Tessuti","item":"https:\/\/www.cimmino.com\/it\/tessuti\/"},{"@type":"ListItem","position":3,"name":"Tovagliato Resinato Alpine Quadrato"}]},{"@type":"WebSite","@id":"https:\/\/www.cimmino.com\/en\/#website","url":"https:\/\/www.cimmino.com\/en\/","name":"Cimmino","description":"Your partner in style since 1750","potentialAction":[{"@type":"SearchAction","target":{"@type":"EntryPoint","urlTemplate":"https:\/\/www.cimmino.com\/en\/?s={search_term_string}"},"query-input":"required name=search_term_string"}],"inLanguage":"it-IT"}]}},"_links":{"self":[{"href":"https:\/\/www.cimmino.com\/it\/wp-json\/wp\/v2\/product\/60704","targetHints":{"allow":["GET"]}}],"collection":[{"href":"https:\/\/www.cimmino.com\/it\/wp-json\/wp\/v2\/product"}],"about":[{"href":"https:\/\/www.cimmino.com\/it\/wp-json\/wp\/v2\/types\/product"}],"wp:featuredmedia":[{"embeddable":true,"href":"https:\/\/www.cimmino.com\/it\/wp-json\/wp\/v2\/media\/60705"}],"wp:attachment":[{"href":"https:\/\/www.cimmino.com\/it\/wp-json\/wp\/v2\/media?parent=60704"}],"wp:term":[{"taxonomy":"product_cat","embeddable":true,"href":"https:\/\/www.cimmino.com\/it\/wp-json\/wp\/v2\/product_cat?post=60704"},{"taxonomy":"product_tag","embeddable":true,"href":"https:\/\/www.cimmino.com\/it\/wp-json\/wp\/v2\/product_tag?post=60704"}],"curies":[{"name":"wp","href":"https:\/\/api.w.org\/{rel}","templated":true}]}}