{"id":61917,"date":"2024-09-18T13:22:03","date_gmt":"2024-09-18T11:22:03","guid":{"rendered":"https:\/\/www.cimmino.com\/?post_type=product&#038;p=61917"},"modified":"2024-11-08T12:02:47","modified_gmt":"2024-11-08T11:02:47","slug":"jeans-elastico-harlem","status":"publish","type":"product","link":"https:\/\/www.cimmino.com\/it\/prodotto\/jeans-elastico-harlem\/","title":{"rendered":"Jeans Elastico Harlem 10,5 OZ"},"content":{"rendered":"","protected":false},"excerpt":{"rendered":"<p>Perfetto per chi cerca comfort e stile in un unico capo, questo jeans \u00e8 realizzato con un tessuto resistente ma flessibile, offrendo una vestibilit\u00e0 aderente che si adatta perfettamente alla forma del corpo senza sacrificare la libert\u00e0 di movimento. Ideale per un look casual ma curato, questo jeans \u00e8 un essenziale nel guardaroba di ogni persona che ama un look moderno e comodo.<\/p>\n","protected":false},"featured_media":61785,"template":"","meta":[],"product_cat":[156,170],"product_tag":[],"class_list":["post-61917","product","type-product","status-publish","has-post-thumbnail","hentry","product_cat-abbigliamento","product_cat-novita"],"yoast_head":"<!-- This site is optimized with the Yoast SEO plugin v21.9.1 - https:\/\/yoast.com\/wordpress\/plugins\/seo\/ -->\n<title>Jeans Elastico Harlem 10,5 OZ - Cimmino<\/title>\n<meta name=\"robots\" content=\"index, follow, max-snippet:-1, max-image-preview:large, max-video-preview:-1\" \/>\n<link rel=\"canonical\" href=\"https:\/\/www.cimmino.com\/it\/prodotto\/jeans-elastico-harlem\/\" \/>\n<meta property=\"og:locale\" content=\"it_IT\" \/>\n<meta property=\"og:type\" content=\"article\" \/>\n<meta property=\"og:title\" content=\"Jeans Elastico Harlem 10,5 OZ - Cimmino\" \/>\n<meta property=\"og:description\" content=\"Perfetto per chi cerca comfort e stile in un unico capo, questo jeans \u00e8 realizzato con un tessuto resistente ma flessibile, offrendo una vestibilit\u00e0 aderente che si adatta perfettamente alla forma del corpo senza sacrificare la libert\u00e0 di movimento. Ideale per un look casual ma curato, questo jeans \u00e8 un essenziale nel guardaroba di ogni persona che ama un look moderno e comodo.\" \/>\n<meta property=\"og:url\" content=\"https:\/\/www.cimmino.com\/it\/prodotto\/jeans-elastico-harlem\/\" \/>\n<meta property=\"og:site_name\" content=\"Cimmino\" \/>\n<meta property=\"article:modified_time\" content=\"2024-11-08T11:02:47+00:00\" \/>\n<meta property=\"og:image\" content=\"https:\/\/www.cimmino.com\/wp-content\/uploads\/2024\/09\/JEANS-ELAST.-HARLEM-105-OZ.jpg\" \/>\n\t<meta property=\"og:image:width\" content=\"1000\" \/>\n\t<meta property=\"og:image:height\" content=\"667\" \/>\n\t<meta property=\"og:image:type\" content=\"image\/jpeg\" \/>\n<meta name=\"twitter:card\" content=\"summary_large_image\" \/>\n<script type=\"application\/ld+json\" class=\"yoast-schema-graph\">{\"@context\":\"https:\/\/schema.org\",\"@graph\":[{\"@type\":\"WebPage\",\"@id\":\"https:\/\/www.cimmino.com\/it\/prodotto\/jeans-elastico-harlem\/\",\"url\":\"https:\/\/www.cimmino.com\/it\/prodotto\/jeans-elastico-harlem\/\",\"name\":\"Jeans Elastico Harlem 10,5 OZ - Cimmino\",\"isPartOf\":{\"@id\":\"https:\/\/www.cimmino.com\/en\/#website\"},\"datePublished\":\"2024-09-18T11:22:03+00:00\",\"dateModified\":\"2024-11-08T11:02:47+00:00\",\"breadcrumb\":{\"@id\":\"https:\/\/www.cimmino.com\/it\/prodotto\/jeans-elastico-harlem\/#breadcrumb\"},\"inLanguage\":\"it-IT\",\"potentialAction\":[{\"@type\":\"ReadAction\",\"target\":[\"https:\/\/www.cimmino.com\/it\/prodotto\/jeans-elastico-harlem\/\"]}]},{\"@type\":\"BreadcrumbList\",\"@id\":\"https:\/\/www.cimmino.com\/it\/prodotto\/jeans-elastico-harlem\/#breadcrumb\",\"itemListElement\":[{\"@type\":\"ListItem\",\"position\":1,\"name\":\"Home\",\"item\":\"https:\/\/www.cimmino.com\/it\/\"},{\"@type\":\"ListItem\",\"position\":2,\"name\":\"Tessuti\",\"item\":\"https:\/\/www.cimmino.com\/it\/tessuti\/\"},{\"@type\":\"ListItem\",\"position\":3,\"name\":\"Jeans Elastico Harlem 10,5 OZ\"}]},{\"@type\":\"WebSite\",\"@id\":\"https:\/\/www.cimmino.com\/en\/#website\",\"url\":\"https:\/\/www.cimmino.com\/en\/\",\"name\":\"Cimmino\",\"description\":\"Your partner in style since 1750\",\"potentialAction\":[{\"@type\":\"SearchAction\",\"target\":{\"@type\":\"EntryPoint\",\"urlTemplate\":\"https:\/\/www.cimmino.com\/en\/?s={search_term_string}\"},\"query-input\":\"required name=search_term_string\"}],\"inLanguage\":\"it-IT\"}]}<\/script>\n<!-- \/ Yoast SEO plugin. -->","yoast_head_json":{"title":"Jeans Elastico Harlem 10,5 OZ - Cimmino","robots":{"index":"index","follow":"follow","max-snippet":"max-snippet:-1","max-image-preview":"max-image-preview:large","max-video-preview":"max-video-preview:-1"},"canonical":"https:\/\/www.cimmino.com\/it\/prodotto\/jeans-elastico-harlem\/","og_locale":"it_IT","og_type":"article","og_title":"Jeans Elastico Harlem 10,5 OZ - Cimmino","og_description":"Perfetto per chi cerca comfort e stile in un unico capo, questo jeans \u00e8 realizzato con un tessuto resistente ma flessibile, offrendo una vestibilit\u00e0 aderente che si adatta perfettamente alla forma del corpo senza sacrificare la libert\u00e0 di movimento. Ideale per un look casual ma curato, questo jeans \u00e8 un essenziale nel guardaroba di ogni persona che ama un look moderno e comodo.","og_url":"https:\/\/www.cimmino.com\/it\/prodotto\/jeans-elastico-harlem\/","og_site_name":"Cimmino","article_modified_time":"2024-11-08T11:02:47+00:00","og_image":[{"width":1000,"height":667,"url":"https:\/\/www.cimmino.com\/wp-content\/uploads\/2024\/09\/JEANS-ELAST.-HARLEM-105-OZ.jpg","type":"image\/jpeg"}],"twitter_card":"summary_large_image","schema":{"@context":"https:\/\/schema.org","@graph":[{"@type":"WebPage","@id":"https:\/\/www.cimmino.com\/it\/prodotto\/jeans-elastico-harlem\/","url":"https:\/\/www.cimmino.com\/it\/prodotto\/jeans-elastico-harlem\/","name":"Jeans Elastico Harlem 10,5 OZ - Cimmino","isPartOf":{"@id":"https:\/\/www.cimmino.com\/en\/#website"},"datePublished":"2024-09-18T11:22:03+00:00","dateModified":"2024-11-08T11:02:47+00:00","breadcrumb":{"@id":"https:\/\/www.cimmino.com\/it\/prodotto\/jeans-elastico-harlem\/#breadcrumb"},"inLanguage":"it-IT","potentialAction":[{"@type":"ReadAction","target":["https:\/\/www.cimmino.com\/it\/prodotto\/jeans-elastico-harlem\/"]}]},{"@type":"BreadcrumbList","@id":"https:\/\/www.cimmino.com\/it\/prodotto\/jeans-elastico-harlem\/#breadcrumb","itemListElement":[{"@type":"ListItem","position":1,"name":"Home","item":"https:\/\/www.cimmino.com\/it\/"},{"@type":"ListItem","position":2,"name":"Tessuti","item":"https:\/\/www.cimmino.com\/it\/tessuti\/"},{"@type":"ListItem","position":3,"name":"Jeans Elastico Harlem 10,5 OZ"}]},{"@type":"WebSite","@id":"https:\/\/www.cimmino.com\/en\/#website","url":"https:\/\/www.cimmino.com\/en\/","name":"Cimmino","description":"Your partner in style since 1750","potentialAction":[{"@type":"SearchAction","target":{"@type":"EntryPoint","urlTemplate":"https:\/\/www.cimmino.com\/en\/?s={search_term_string}"},"query-input":"required name=search_term_string"}],"inLanguage":"it-IT"}]}},"_links":{"self":[{"href":"https:\/\/www.cimmino.com\/it\/wp-json\/wp\/v2\/product\/61917","targetHints":{"allow":["GET"]}}],"collection":[{"href":"https:\/\/www.cimmino.com\/it\/wp-json\/wp\/v2\/product"}],"about":[{"href":"https:\/\/www.cimmino.com\/it\/wp-json\/wp\/v2\/types\/product"}],"wp:featuredmedia":[{"embeddable":true,"href":"https:\/\/www.cimmino.com\/it\/wp-json\/wp\/v2\/media\/61785"}],"wp:attachment":[{"href":"https:\/\/www.cimmino.com\/it\/wp-json\/wp\/v2\/media?parent=61917"}],"wp:term":[{"taxonomy":"product_cat","embeddable":true,"href":"https:\/\/www.cimmino.com\/it\/wp-json\/wp\/v2\/product_cat?post=61917"},{"taxonomy":"product_tag","embeddable":true,"href":"https:\/\/www.cimmino.com\/it\/wp-json\/wp\/v2\/product_tag?post=61917"}],"curies":[{"name":"wp","href":"https:\/\/api.w.org\/{rel}","templated":true}]}}