{"id":62250,"date":"2024-11-08T11:36:15","date_gmt":"2024-11-08T10:36:15","guid":{"rendered":"https:\/\/www.cimmino.com\/?post_type=product&#038;p=62250"},"modified":"2024-11-12T17:19:32","modified_gmt":"2024-11-12T16:19:32","slug":"satin-degrade-oriana","status":"publish","type":"product","link":"https:\/\/www.cimmino.com\/it\/prodotto\/satin-degrade-oriana\/","title":{"rendered":"Satin Degrad\u00e8 Oriana"},"content":{"rendered":"","protected":false},"excerpt":{"rendered":"<p><span class=\"OYPEnA font-feature-liga-off font-feature-clig-off font-feature-calt-off text-decoration-none text-strikethrough-none\">Raso in poliestere con un effetto d\u00e9grad\u00e9. Le sfumature, che richiamano i colori dell&#8217;arcobaleno, si mescolano armoniosamente, creando un&#8217;esplosione di vivacit\u00e0 e vitalit\u00e0. \u00c8 perfetto per abiti e accessori che catturano l&#8217;attenzione con la loro vibrante bellezza cromatica.<\/span><\/p>\n","protected":false},"featured_media":62566,"template":"","meta":[],"product_cat":[158,170],"product_tag":[],"class_list":["post-62250","product","type-product","status-publish","has-post-thumbnail","hentry","product_cat-carnevale-cosplay","product_cat-novita"],"yoast_head":"<!-- This site is optimized with the Yoast SEO plugin v21.9.1 - https:\/\/yoast.com\/wordpress\/plugins\/seo\/ -->\n<title>Satin Degrad\u00e8 Oriana - Cimmino<\/title>\n<meta name=\"robots\" content=\"index, follow, max-snippet:-1, max-image-preview:large, max-video-preview:-1\" \/>\n<link rel=\"canonical\" href=\"https:\/\/www.cimmino.com\/it\/prodotto\/satin-degrade-oriana\/\" \/>\n<meta property=\"og:locale\" content=\"it_IT\" \/>\n<meta property=\"og:type\" content=\"article\" \/>\n<meta property=\"og:title\" content=\"Satin Degrad\u00e8 Oriana - Cimmino\" \/>\n<meta property=\"og:description\" content=\"Raso in poliestere con un effetto d\u00e9grad\u00e9. Le sfumature, che richiamano i colori dell&#039;arcobaleno, si mescolano armoniosamente, creando un&#039;esplosione di vivacit\u00e0 e vitalit\u00e0. \u00c8 perfetto per abiti e accessori che catturano l&#039;attenzione con la loro vibrante bellezza cromatica.\" \/>\n<meta property=\"og:url\" content=\"https:\/\/www.cimmino.com\/it\/prodotto\/satin-degrade-oriana\/\" \/>\n<meta property=\"og:site_name\" content=\"Cimmino\" \/>\n<meta property=\"article:modified_time\" content=\"2024-11-12T16:19:32+00:00\" \/>\n<meta property=\"og:image\" content=\"https:\/\/www.cimmino.com\/wp-content\/uploads\/2024\/10\/SATIN-DEGRADE-ORIANA.jpg\" \/>\n\t<meta property=\"og:image:width\" content=\"1000\" \/>\n\t<meta property=\"og:image:height\" content=\"667\" \/>\n\t<meta property=\"og:image:type\" content=\"image\/jpeg\" \/>\n<meta name=\"twitter:card\" content=\"summary_large_image\" \/>\n<script type=\"application\/ld+json\" class=\"yoast-schema-graph\">{\"@context\":\"https:\/\/schema.org\",\"@graph\":[{\"@type\":\"WebPage\",\"@id\":\"https:\/\/www.cimmino.com\/it\/prodotto\/satin-degrade-oriana\/\",\"url\":\"https:\/\/www.cimmino.com\/it\/prodotto\/satin-degrade-oriana\/\",\"name\":\"Satin Degrad\u00e8 Oriana - Cimmino\",\"isPartOf\":{\"@id\":\"https:\/\/www.cimmino.com\/en\/#website\"},\"datePublished\":\"2024-11-08T10:36:15+00:00\",\"dateModified\":\"2024-11-12T16:19:32+00:00\",\"breadcrumb\":{\"@id\":\"https:\/\/www.cimmino.com\/it\/prodotto\/satin-degrade-oriana\/#breadcrumb\"},\"inLanguage\":\"it-IT\",\"potentialAction\":[{\"@type\":\"ReadAction\",\"target\":[\"https:\/\/www.cimmino.com\/it\/prodotto\/satin-degrade-oriana\/\"]}]},{\"@type\":\"BreadcrumbList\",\"@id\":\"https:\/\/www.cimmino.com\/it\/prodotto\/satin-degrade-oriana\/#breadcrumb\",\"itemListElement\":[{\"@type\":\"ListItem\",\"position\":1,\"name\":\"Home\",\"item\":\"https:\/\/www.cimmino.com\/it\/\"},{\"@type\":\"ListItem\",\"position\":2,\"name\":\"Tessuti\",\"item\":\"https:\/\/www.cimmino.com\/it\/tessuti\/\"},{\"@type\":\"ListItem\",\"position\":3,\"name\":\"Satin Degrad\u00e8 Oriana\"}]},{\"@type\":\"WebSite\",\"@id\":\"https:\/\/www.cimmino.com\/en\/#website\",\"url\":\"https:\/\/www.cimmino.com\/en\/\",\"name\":\"Cimmino\",\"description\":\"Your partner in style since 1750\",\"potentialAction\":[{\"@type\":\"SearchAction\",\"target\":{\"@type\":\"EntryPoint\",\"urlTemplate\":\"https:\/\/www.cimmino.com\/en\/?s={search_term_string}\"},\"query-input\":\"required name=search_term_string\"}],\"inLanguage\":\"it-IT\"}]}<\/script>\n<!-- \/ Yoast SEO plugin. -->","yoast_head_json":{"title":"Satin Degrad\u00e8 Oriana - Cimmino","robots":{"index":"index","follow":"follow","max-snippet":"max-snippet:-1","max-image-preview":"max-image-preview:large","max-video-preview":"max-video-preview:-1"},"canonical":"https:\/\/www.cimmino.com\/it\/prodotto\/satin-degrade-oriana\/","og_locale":"it_IT","og_type":"article","og_title":"Satin Degrad\u00e8 Oriana - Cimmino","og_description":"Raso in poliestere con un effetto d\u00e9grad\u00e9. Le sfumature, che richiamano i colori dell'arcobaleno, si mescolano armoniosamente, creando un'esplosione di vivacit\u00e0 e vitalit\u00e0. \u00c8 perfetto per abiti e accessori che catturano l'attenzione con la loro vibrante bellezza cromatica.","og_url":"https:\/\/www.cimmino.com\/it\/prodotto\/satin-degrade-oriana\/","og_site_name":"Cimmino","article_modified_time":"2024-11-12T16:19:32+00:00","og_image":[{"width":1000,"height":667,"url":"https:\/\/www.cimmino.com\/wp-content\/uploads\/2024\/10\/SATIN-DEGRADE-ORIANA.jpg","type":"image\/jpeg"}],"twitter_card":"summary_large_image","schema":{"@context":"https:\/\/schema.org","@graph":[{"@type":"WebPage","@id":"https:\/\/www.cimmino.com\/it\/prodotto\/satin-degrade-oriana\/","url":"https:\/\/www.cimmino.com\/it\/prodotto\/satin-degrade-oriana\/","name":"Satin Degrad\u00e8 Oriana - Cimmino","isPartOf":{"@id":"https:\/\/www.cimmino.com\/en\/#website"},"datePublished":"2024-11-08T10:36:15+00:00","dateModified":"2024-11-12T16:19:32+00:00","breadcrumb":{"@id":"https:\/\/www.cimmino.com\/it\/prodotto\/satin-degrade-oriana\/#breadcrumb"},"inLanguage":"it-IT","potentialAction":[{"@type":"ReadAction","target":["https:\/\/www.cimmino.com\/it\/prodotto\/satin-degrade-oriana\/"]}]},{"@type":"BreadcrumbList","@id":"https:\/\/www.cimmino.com\/it\/prodotto\/satin-degrade-oriana\/#breadcrumb","itemListElement":[{"@type":"ListItem","position":1,"name":"Home","item":"https:\/\/www.cimmino.com\/it\/"},{"@type":"ListItem","position":2,"name":"Tessuti","item":"https:\/\/www.cimmino.com\/it\/tessuti\/"},{"@type":"ListItem","position":3,"name":"Satin Degrad\u00e8 Oriana"}]},{"@type":"WebSite","@id":"https:\/\/www.cimmino.com\/en\/#website","url":"https:\/\/www.cimmino.com\/en\/","name":"Cimmino","description":"Your partner in style since 1750","potentialAction":[{"@type":"SearchAction","target":{"@type":"EntryPoint","urlTemplate":"https:\/\/www.cimmino.com\/en\/?s={search_term_string}"},"query-input":"required name=search_term_string"}],"inLanguage":"it-IT"}]}},"_links":{"self":[{"href":"https:\/\/www.cimmino.com\/it\/wp-json\/wp\/v2\/product\/62250","targetHints":{"allow":["GET"]}}],"collection":[{"href":"https:\/\/www.cimmino.com\/it\/wp-json\/wp\/v2\/product"}],"about":[{"href":"https:\/\/www.cimmino.com\/it\/wp-json\/wp\/v2\/types\/product"}],"wp:featuredmedia":[{"embeddable":true,"href":"https:\/\/www.cimmino.com\/it\/wp-json\/wp\/v2\/media\/62566"}],"wp:attachment":[{"href":"https:\/\/www.cimmino.com\/it\/wp-json\/wp\/v2\/media?parent=62250"}],"wp:term":[{"taxonomy":"product_cat","embeddable":true,"href":"https:\/\/www.cimmino.com\/it\/wp-json\/wp\/v2\/product_cat?post=62250"},{"taxonomy":"product_tag","embeddable":true,"href":"https:\/\/www.cimmino.com\/it\/wp-json\/wp\/v2\/product_tag?post=62250"}],"curies":[{"name":"wp","href":"https:\/\/api.w.org\/{rel}","templated":true}]}}