{"id":62596,"date":"2024-11-11T09:23:08","date_gmt":"2024-11-11T08:23:08","guid":{"rendered":"https:\/\/www.cimmino.com\/?post_type=product&#038;p=62596"},"modified":"2024-11-11T16:03:40","modified_gmt":"2024-11-11T15:03:40","slug":"pizzo-elastico-sofia","status":"publish","type":"product","link":"https:\/\/www.cimmino.com\/it\/prodotto\/pizzo-elastico-sofia\/","title":{"rendered":"Pizzo Elastico Sofia"},"content":{"rendered":"","protected":false},"excerpt":{"rendered":"<p><img decoding=\"async\" class=\"alignnone wp-image-48302\" src=\"https:\/\/www.cimmino.com\/wp-content\/uploads\/2021\/06\/OEKO-TEX-TEXTILES.jpg\" alt=\"\" width=\"127\" height=\"84\" srcset=\"https:\/\/www.cimmino.com\/wp-content\/uploads\/2021\/06\/OEKO-TEX-TEXTILES.jpg 300w, https:\/\/www.cimmino.com\/wp-content\/uploads\/2021\/06\/OEKO-TEX-TEXTILES-150x100.jpg 150w\" sizes=\"(max-width: 127px) 100vw, 127px\" \/><\/p>\n<h4>STANDARD 100 by OEKO-TEX\u00ae<\/h4>\n<p><span data-sheets-root=\"1\">Caratterizzato da linee pulite e motivi moderni, questo pizzo aggiunge un tocco contemporaneo al tuo abbigliamento. La sua elasticit\u00e0 garantisce una vestibilit\u00e0 comoda, permettendoti di muoverti con facilit\u00e0 e grazia. Pu\u00f2 essere usato in ogni occasione ed \u00e8 perfetto per i ballerini che vogliono fare una dichiarazione audace con la loro performance.<\/span><\/p>\n","protected":false},"featured_media":61797,"template":"","meta":[],"product_cat":[177,170],"product_tag":[],"class_list":["post-62596","product","type-product","status-publish","has-post-thumbnail","hentry","product_cat-danza-spettacolo","product_cat-novita"],"yoast_head":"<!-- This site is optimized with the Yoast SEO plugin v21.9.1 - https:\/\/yoast.com\/wordpress\/plugins\/seo\/ -->\n<title>Pizzo Elastico Sofia - Cimmino<\/title>\n<meta name=\"robots\" content=\"index, follow, max-snippet:-1, max-image-preview:large, max-video-preview:-1\" \/>\n<link rel=\"canonical\" href=\"https:\/\/www.cimmino.com\/it\/prodotto\/pizzo-elastico-sofia\/\" \/>\n<meta property=\"og:locale\" content=\"it_IT\" \/>\n<meta property=\"og:type\" content=\"article\" \/>\n<meta property=\"og:title\" content=\"Pizzo Elastico Sofia - Cimmino\" \/>\n<meta property=\"og:description\" content=\"STANDARD 100 by OEKO-TEX\u00ae Caratterizzato da linee pulite e motivi moderni, questo pizzo aggiunge un tocco contemporaneo al tuo abbigliamento. La sua elasticit\u00e0 garantisce una vestibilit\u00e0 comoda, permettendoti di muoverti con facilit\u00e0 e grazia. Pu\u00f2 essere usato in ogni occasione ed \u00e8 perfetto per i ballerini che vogliono fare una dichiarazione audace con la loro performance.\" \/>\n<meta property=\"og:url\" content=\"https:\/\/www.cimmino.com\/it\/prodotto\/pizzo-elastico-sofia\/\" \/>\n<meta property=\"og:site_name\" content=\"Cimmino\" \/>\n<meta property=\"article:modified_time\" content=\"2024-11-11T15:03:40+00:00\" \/>\n<meta property=\"og:image\" content=\"https:\/\/www.cimmino.com\/wp-content\/uploads\/2024\/09\/PIZZO-ELASTICO-SOFIA-251-ROSSO.jpg\" \/>\n\t<meta property=\"og:image:width\" content=\"1000\" \/>\n\t<meta property=\"og:image:height\" content=\"667\" \/>\n\t<meta property=\"og:image:type\" content=\"image\/jpeg\" \/>\n<meta name=\"twitter:card\" content=\"summary_large_image\" \/>\n<script type=\"application\/ld+json\" class=\"yoast-schema-graph\">{\"@context\":\"https:\/\/schema.org\",\"@graph\":[{\"@type\":\"WebPage\",\"@id\":\"https:\/\/www.cimmino.com\/it\/prodotto\/pizzo-elastico-sofia\/\",\"url\":\"https:\/\/www.cimmino.com\/it\/prodotto\/pizzo-elastico-sofia\/\",\"name\":\"Pizzo Elastico Sofia - Cimmino\",\"isPartOf\":{\"@id\":\"https:\/\/www.cimmino.com\/en\/#website\"},\"datePublished\":\"2024-11-11T08:23:08+00:00\",\"dateModified\":\"2024-11-11T15:03:40+00:00\",\"breadcrumb\":{\"@id\":\"https:\/\/www.cimmino.com\/it\/prodotto\/pizzo-elastico-sofia\/#breadcrumb\"},\"inLanguage\":\"it-IT\",\"potentialAction\":[{\"@type\":\"ReadAction\",\"target\":[\"https:\/\/www.cimmino.com\/it\/prodotto\/pizzo-elastico-sofia\/\"]}]},{\"@type\":\"BreadcrumbList\",\"@id\":\"https:\/\/www.cimmino.com\/it\/prodotto\/pizzo-elastico-sofia\/#breadcrumb\",\"itemListElement\":[{\"@type\":\"ListItem\",\"position\":1,\"name\":\"Home\",\"item\":\"https:\/\/www.cimmino.com\/it\/\"},{\"@type\":\"ListItem\",\"position\":2,\"name\":\"Tessuti\",\"item\":\"https:\/\/www.cimmino.com\/it\/tessuti\/\"},{\"@type\":\"ListItem\",\"position\":3,\"name\":\"Pizzo Elastico Sofia\"}]},{\"@type\":\"WebSite\",\"@id\":\"https:\/\/www.cimmino.com\/en\/#website\",\"url\":\"https:\/\/www.cimmino.com\/en\/\",\"name\":\"Cimmino\",\"description\":\"Your partner in style since 1750\",\"potentialAction\":[{\"@type\":\"SearchAction\",\"target\":{\"@type\":\"EntryPoint\",\"urlTemplate\":\"https:\/\/www.cimmino.com\/en\/?s={search_term_string}\"},\"query-input\":\"required name=search_term_string\"}],\"inLanguage\":\"it-IT\"}]}<\/script>\n<!-- \/ Yoast SEO plugin. -->","yoast_head_json":{"title":"Pizzo Elastico Sofia - Cimmino","robots":{"index":"index","follow":"follow","max-snippet":"max-snippet:-1","max-image-preview":"max-image-preview:large","max-video-preview":"max-video-preview:-1"},"canonical":"https:\/\/www.cimmino.com\/it\/prodotto\/pizzo-elastico-sofia\/","og_locale":"it_IT","og_type":"article","og_title":"Pizzo Elastico Sofia - Cimmino","og_description":"STANDARD 100 by OEKO-TEX\u00ae Caratterizzato da linee pulite e motivi moderni, questo pizzo aggiunge un tocco contemporaneo al tuo abbigliamento. La sua elasticit\u00e0 garantisce una vestibilit\u00e0 comoda, permettendoti di muoverti con facilit\u00e0 e grazia. Pu\u00f2 essere usato in ogni occasione ed \u00e8 perfetto per i ballerini che vogliono fare una dichiarazione audace con la loro performance.","og_url":"https:\/\/www.cimmino.com\/it\/prodotto\/pizzo-elastico-sofia\/","og_site_name":"Cimmino","article_modified_time":"2024-11-11T15:03:40+00:00","og_image":[{"width":1000,"height":667,"url":"https:\/\/www.cimmino.com\/wp-content\/uploads\/2024\/09\/PIZZO-ELASTICO-SOFIA-251-ROSSO.jpg","type":"image\/jpeg"}],"twitter_card":"summary_large_image","schema":{"@context":"https:\/\/schema.org","@graph":[{"@type":"WebPage","@id":"https:\/\/www.cimmino.com\/it\/prodotto\/pizzo-elastico-sofia\/","url":"https:\/\/www.cimmino.com\/it\/prodotto\/pizzo-elastico-sofia\/","name":"Pizzo Elastico Sofia - Cimmino","isPartOf":{"@id":"https:\/\/www.cimmino.com\/en\/#website"},"datePublished":"2024-11-11T08:23:08+00:00","dateModified":"2024-11-11T15:03:40+00:00","breadcrumb":{"@id":"https:\/\/www.cimmino.com\/it\/prodotto\/pizzo-elastico-sofia\/#breadcrumb"},"inLanguage":"it-IT","potentialAction":[{"@type":"ReadAction","target":["https:\/\/www.cimmino.com\/it\/prodotto\/pizzo-elastico-sofia\/"]}]},{"@type":"BreadcrumbList","@id":"https:\/\/www.cimmino.com\/it\/prodotto\/pizzo-elastico-sofia\/#breadcrumb","itemListElement":[{"@type":"ListItem","position":1,"name":"Home","item":"https:\/\/www.cimmino.com\/it\/"},{"@type":"ListItem","position":2,"name":"Tessuti","item":"https:\/\/www.cimmino.com\/it\/tessuti\/"},{"@type":"ListItem","position":3,"name":"Pizzo Elastico Sofia"}]},{"@type":"WebSite","@id":"https:\/\/www.cimmino.com\/en\/#website","url":"https:\/\/www.cimmino.com\/en\/","name":"Cimmino","description":"Your partner in style since 1750","potentialAction":[{"@type":"SearchAction","target":{"@type":"EntryPoint","urlTemplate":"https:\/\/www.cimmino.com\/en\/?s={search_term_string}"},"query-input":"required name=search_term_string"}],"inLanguage":"it-IT"}]}},"_links":{"self":[{"href":"https:\/\/www.cimmino.com\/it\/wp-json\/wp\/v2\/product\/62596","targetHints":{"allow":["GET"]}}],"collection":[{"href":"https:\/\/www.cimmino.com\/it\/wp-json\/wp\/v2\/product"}],"about":[{"href":"https:\/\/www.cimmino.com\/it\/wp-json\/wp\/v2\/types\/product"}],"wp:featuredmedia":[{"embeddable":true,"href":"https:\/\/www.cimmino.com\/it\/wp-json\/wp\/v2\/media\/61797"}],"wp:attachment":[{"href":"https:\/\/www.cimmino.com\/it\/wp-json\/wp\/v2\/media?parent=62596"}],"wp:term":[{"taxonomy":"product_cat","embeddable":true,"href":"https:\/\/www.cimmino.com\/it\/wp-json\/wp\/v2\/product_cat?post=62596"},{"taxonomy":"product_tag","embeddable":true,"href":"https:\/\/www.cimmino.com\/it\/wp-json\/wp\/v2\/product_tag?post=62596"}],"curies":[{"name":"wp","href":"https:\/\/api.w.org\/{rel}","templated":true}]}}